{"id":4798,"date":"2017-08-30T00:27:50","date_gmt":"2017-08-30T00:27:50","guid":{"rendered":"http:\/\/skijumpingcanada.com\/resultats-de-la-competition\/"},"modified":"2018-03-29T17:58:16","modified_gmt":"2018-03-29T17:58:16","slug":"resultats-de-la-competition","status":"publish","type":"page","link":"http:\/\/skijumpingcanada.com\/fr\/resultats-de-la-competition\/","title":{"rendered":"R\u00e9sultats de la Comp\u00e9tition"},"content":{"rendered":"<h2><a href=\"http:\/\/skijumpingcanada.com\/wp-content\/uploads\/2014\/09\/Home-Page.jpg\"><img fetchpriority=\"high\" decoding=\"async\" class=\"aligncenter wp-image-3554\" src=\"http:\/\/skijumpingcanada.com\/wp-content\/uploads\/2014\/09\/Home-Page.jpg\" alt=\"Home-Page\" width=\"764\" height=\"382\" srcset=\"https:\/\/skijumpingcanada.com\/wp-content\/uploads\/2014\/09\/Home-Page.jpg 1000w, https:\/\/skijumpingcanada.com\/wp-content\/uploads\/2014\/09\/Home-Page-300x150.jpg 300w, https:\/\/skijumpingcanada.com\/wp-content\/uploads\/2014\/09\/Home-Page-900x450.jpg 900w, https:\/\/skijumpingcanada.com\/wp-content\/uploads\/2014\/09\/Home-Page-700x350.jpg 700w, https:\/\/skijumpingcanada.com\/wp-content\/uploads\/2014\/09\/Home-Page-100x50.jpg 100w\" sizes=\"(max-width: 764px) 100vw, 764px\" \/><\/a><\/h2>\n<p>[title size=&#8221;2&#8243;]<strong>2017 R\u00e9sultats<\/strong>[\/title]<\/p>\n<p><a href=\"http:\/\/skijumpingcanada.com\/wp-content\/uploads\/2014\/09\/2017CDNNatNCSJ.pdf\">2017 Championnats Nationaux Canadiens d&#8217;Hommes et de Femmes de Combin\u00e9 Nordique le\u00a0 1er avril 2017<\/a><\/p>\n<p><a href=\"http:\/\/skijumpingcanada.com\/wp-content\/uploads\/2014\/09\/2017CDNNatNH.pdf\">2017 Championnats Nationaux Canadiens d&#8217;Hommes et de Femmes sur la Colline Normale le 1er avril 2017<\/a><\/p>\n<p>[title size=&#8221;2&#8243;]<strong>2016 R\u00e9sultats<\/strong>[\/title]<\/p>\n<p><a href=\"http:\/\/skijumpingcanada.com\/wp-content\/uploads\/2014\/09\/2016_06_14_14_44_22.pdf\">2016 Comp\u00e9tition Altius AGM le 11 juin 2016<\/a><\/p>\n<p><a href=\"http:\/\/skijumpingcanada.com\/wp-content\/uploads\/2014\/09\/Feb-6-2016-FIS-Cup-Results.pdf\">2016 La Coupe FIS d&#8217;AVIVA,Whistler le 6 f\u00e9vrier 2016<\/a><\/p>\n<p><a href=\"http:\/\/skijumpingcanada.com\/wp-content\/uploads\/2014\/09\/Feb-6-2016-FIS-Cup-Results.pdf\">2016 La Coupe FIS d&#8217;AVIVA, Whistler le 7 f\u00e9vrier, 2016<\/a><\/p>\n<p><a href=\"http:\/\/skijumpingcanada.com\/wp-content\/uploads\/2014\/09\/Hub-Canadian-Nationals-2016.pdf\">2016 Les Championnats Nationaux des Hommes de Hub, Whistler le 7 f\u00e9vrier 2016<\/a><\/p>\n<p><a href=\"http:\/\/skijumpingcanada.com\/wp-content\/uploads\/2014\/09\/Hub-Canadian-Nationals-2016-Womens-Event.pdf\">2016 Les Championnats Nationaux des Femmes de Hub, Whistler le\u00a0 7 f\u00e9vrier 2016<\/a><\/p>\n<p><a href=\"http:\/\/skijumpingcanada.com\/wp-content\/uploads\/2014\/09\/Hub-Canadian-Nationals-2016-Womens-Event.pdf\">[title size=&#8221;2&#8243;]<strong>2015 R\u00e9sultats<\/strong><\/a><a href=\"http:\/\/skijumpingcanada.com\/wp-content\/uploads\/2014\/09\/Hub-Canadian-Nationals-2016-Womens-Event.pdf\">[\/title]<\/a><\/p>\n<p><a href=\"http:\/\/skijumpingcanada.com\/wp-content\/uploads\/2015\/09\/scan0002.pdf\">2015 Les Championnats Nationaux Canadiens de HUB le 26 septembre <\/a><\/p>\n<p><a href=\"http:\/\/skijumpingcanada.com\/wp-content\/uploads\/2015\/09\/2015-Aviva-Results.pdf\">2015 Les Championnats Nationaux d&#8217;AVIVA le 26 septembre\u00a0\u00a0<\/a><\/p>\n<p>[title size=&#8221;2&#8243;]<strong>2014 R\u00e9sultats<\/strong>[\/title]<\/p>\n<p title=\"2014 AGM Comp June 14, 2014\"><a href=\"http:\/\/www.altiusnordicskiclub.org\/wp-content\/uploads\/2013\/01\/Untitled.pdf\">2014 La Comp\u00e9tition d&#8217;AGM le 14 juin 2014<\/a><\/p>\n<p title=\"2014 January 11 Competition\"><a href=\"http:\/\/www.altiusnordicskiclub.org\/wp-content\/uploads\/2013\/01\/March-Madness-Comp-Results2.pdf\">2014 Les Championnats Nationaux Canadiens d&#8217;Assurance AVIVA, Whistler BC le 29 mars 2014 <\/a><\/p>\n<p title=\"2014 January 11 Competition\"><a href=\"&lt;h3 title=&quot;2014 January 11 Competition&quot;&gt;&lt;a href=&quot;http:\/\/www.altiusnordicskiclub.org\/wp-content\/uploads\/2014\/01\/2014-Jan-Comp-SJ-Results.pdf&quot;&gt;Jan 11 Competition Calgary, Alberta Jan 11, 2014&lt;\/a&gt;&lt;\/h3&gt;\">Les Follies de Mars Calgary Alberta le 22 mars 2014<\/a><\/p>\n<p title=\"2014 January 11 Competition\"><a href=\"http:\/\/www.altiusnordicskiclub.org\/wp-content\/uploads\/2014\/01\/2014-Jan-Comp-SJ-Results.pdf\">Jan 11 Comp\u00e9tition, Calgary Alberta le 21 janvier 2014<\/a><\/p>\n<p>&nbsp;<\/p>\n<h2>[title size=&#8221;2&#8243;]<strong>2013 R\u00e9sultats<\/strong>[\/title]<\/h2>\n<p title=\"2013 Frozen Pipes Competition\"><a href=\"http:\/\/www.altiusnordicskiclub.org\/wp-content\/uploads\/2013\/10\/2013-Frozen-Pipes-Results-SJ-NC.pdf\">La Comp\u00e9tition des Tuyaux Congel\u00e9s Calgary, Albertale 19 octobre 2013<\/a><\/p>\n<p title=\"2013 4th of July Steamboat Competition\"><a href=\"http:\/\/www.altiusnordicskiclub.org\/wp-content\/uploads\/2013\/08\/Springer-2013-Parkcity.pdf\">Le 15eme Springer Tournee, Park City le 2 aout 2013<\/a><\/p>\n<p title=\"2013 4th of July Steamboat Competition\"><a title=\"2013 4th of July Steamboat Competition\" href=\"http:\/\/www.altiusnordicskiclub.org\/wp-content\/uploads\/2013\/07\/2013-Steamboar-July-3-HS-75-SJ-Results.pdf\">Le 4 de Juillet Comp\u00e9tition, Steamboat <\/a><\/p>\n<p title=\"Altius AGM Competition June 15, 2013\"><a href=\"http:\/\/www.altiusnordicskiclub.org\/wp-content\/uploads\/2013\/06\/SJ-NC-AGM-2013.pdf\">Altius AGM Competition, June 15, 2013<\/a><\/p>\n<p style=\"text-align: left;\"><a title=\"Altius Open 2013 Restults\" href=\"http:\/\/www.altiusnordicskiclub.org\/wp-content\/uploads\/2013\/02\/Altius_Open_Feb_9_2013_Results.pdf\" target=\"_blank\" rel=\"noopener noreferrer\">Altius Ouvert le 9 janvier 2013<\/a><\/p>\n<p><strong>[title size=&#8221;2&#8243;]<strong>2012 R\u00e9sultats<\/strong>[\/title]<\/strong><\/p>\n<p><a href=\"http:\/\/www.altiusnordicskiclub.org\/Competition%20Results\/Frozen-Pipes-Oct20-2012.pdf\">Tuyaux Congel\u00e9s le 20 octobre 2012<\/a><\/p>\n<p><a href=\"http:\/\/www.altiusnordicskiclub.org\/Competition%20Results\/SpringerTournAug11-2012.pdf\">Springer Tournee le 11 aout 2012<\/a><\/p>\n<p><a href=\"http:\/\/www.altiusnordicskiclub.org\/Competition%20Results\/AltiusSpringWind-Up-June23-2012.pdf\">Altius Spring Wind-up June 23, 2012<\/a><\/p>\n<p>R\u00e9sultats de la Comp\u00e9tition Pass\u00e9e<strong>\u00a0(2010-2012):<\/strong><\/p>\n<p><a href=\"http:\/\/www.altiusnordicskiclub.org\/Competition%20Results\/AvivJan3SJhs95.pdf\">NorAm Jan.3 HS95 SJ Event<\/a><\/p>\n<p><a href=\"http:\/\/www.altiusnordicskiclub.org\/Competition%20Results\/AvivaJan3MWHS95NC.pdf\">NorAm Jan. 3 HS95\/5k NC Event<\/a><\/p>\n<p><a href=\"http:\/\/www.altiusnordicskiclub.org\/Competition%20Results\/AvivaJan2HS67NCteam.pdf\">NorAm Jan. 2 HS67 NC Team Event<\/a><\/p>\n<p><a href=\"http:\/\/www.altiusnordicskiclub.org\/Competition%20Results\/AvivaJan.2K89specialjumping.pdf\">Noram Jan. 2 HS95 Special Jumping Team Event<\/a><\/p>\n<p><a href=\"http:\/\/www.altiusnordicskiclub.org\/Competition%20Results\/AVIVAJan1menwomenHS95.pdf\">NorAm Jan. 1 HS95 (M\/W)<\/a><\/p>\n<p><a href=\"http:\/\/www.altiusnordicskiclub.org\/Competition%20Results\/AVIVAMenSJNC10kJan1.pdf\">NorAm Jan. 1 SJNC HS95\/10K (Men)<\/a><\/p>\n<p><a href=\"http:\/\/www.altiusnordicskiclub.org\/Competition%20Results\/AvivaJanMenWomenHS67.pdf\">NorAm Jan. 1 SJ HS67 (M\/W)<\/a><\/p>\n<p><a href=\"http:\/\/www.altiusnordicskiclub.org\/Competition%20Results\/Oct152011FP.pdf\">Frozen Pipes October 15, 2011<\/a><\/p>\n<p><a href=\"http:\/\/www.altiusnordicskiclub.org\/Competition%20Results\/2011AGMResults.pdf\">AGM June 20 Comp Results<\/a><\/p>\n<p><a href=\"http:\/\/www.altiusnordicskiclub.org\/Competition%20Results\/Feb19AltiusSJresults.pdf\">Altius Open Feb. 19 Ski Jumping Results<\/a><\/p>\n<p><a href=\"http:\/\/www.altiusnordicskiclub.org\/Competition%20Results\/Feb19AltiusNCresults.pdf\">Altius Open Feb. 19 Nordic Combined Results<\/a><\/p>\n<p><a href=\"http:\/\/skijumpingcanada.com\/\">January 2011 Ski Jumping Continental Sapporo, Japan<\/a><\/p>\n<p><a href=\"http:\/\/nordiccombinedcanada.ca\/category\/results\/\">Dec. 5, 2010 Nordic Combined Steamboat Colorado<\/a><\/p>\n<p><a href=\"http:\/\/skijumpingalberta.com\/competition-results\/\">2010 Results for all competitions<\/a><\/p>\n","protected":false},"excerpt":{"rendered":"<p>[title size=&#8221;2&#8243;]2017 R\u00e9sultats[\/title] 2017 Championnats Nationaux Canadiens d&#8217;Hommes et de Femmes de Combin\u00e9 Nordique le\u00a0 1er avril 2017 2017 Championnats Nationaux Canadiens d&#8217;Hommes et de Femmes sur la Colline Normale [&hellip;]<\/p>\n","protected":false},"author":1,"featured_media":0,"parent":0,"menu_order":0,"comment_status":"closed","ping_status":"closed","template":"","meta":{"footnotes":""},"class_list":["post-4798","page","type-page","status-publish"],"_links":{"self":[{"href":"http:\/\/skijumpingcanada.com\/fr\/wp-json\/wp\/v2\/page\/4798","targetHints":{"allow":["GET"]}}],"collection":[{"href":"http:\/\/skijumpingcanada.com\/fr\/wp-json\/wp\/v2\/page"}],"about":[{"href":"http:\/\/skijumpingcanada.com\/fr\/wp-json\/wp\/v2\/types\/page"}],"author":[{"embeddable":true,"href":"http:\/\/skijumpingcanada.com\/fr\/wp-json\/wp\/v2\/users\/1"}],"replies":[{"embeddable":true,"href":"http:\/\/skijumpingcanada.com\/fr\/wp-json\/wp\/v2\/comments?post=4798"}],"version-history":[{"count":2,"href":"http:\/\/skijumpingcanada.com\/fr\/wp-json\/wp\/v2\/page\/4798\/revisions"}],"predecessor-version":[{"id":4999,"href":"http:\/\/skijumpingcanada.com\/fr\/wp-json\/wp\/v2\/page\/4798\/revisions\/4999"}],"wp:attachment":[{"href":"http:\/\/skijumpingcanada.com\/fr\/wp-json\/wp\/v2\/media?parent=4798"}],"curies":[{"name":"wp","href":"https:\/\/api.w.org\/{rel}","templated":true}]}}