{"id":4729,"date":"2017-08-29T19:45:57","date_gmt":"2017-08-29T19:45:57","guid":{"rendered":"http:\/\/skijumpingcanada.com\/sur\/"},"modified":"2025-10-24T20:26:02","modified_gmt":"2025-10-24T20:26:02","slug":"notre-histoire-2","status":"publish","type":"page","link":"https:\/\/skijumpingcanada.com\/fr\/notre-histoire-2\/","title":{"rendered":"Notre histoire"},"content":{"rendered":"<div class=\"wpb-content-wrapper\"><div class=\"vc_row wpb_row vc_row-fluid\"><div class=\"wpb_column vc_column_container vc_col-sm-12\"><div class=\"vc_column-inner\"><div class=\"wpb_wrapper\">\n\t<div  class=\"wpb_single_image wpb_content_element vc_align_center wpb_content_element\">\n\t\t\n\t\t<figure class=\"wpb_wrapper vc_figure\">\n\t\t\t<div class=\"vc_single_image-wrapper   vc_box_border_grey\"><img fetchpriority=\"high\" decoding=\"async\" width=\"1200\" height=\"400\" src=\"https:\/\/skijumpingcanada.com\/wp-content\/uploads\/2025\/09\/Team-Hr7-2.jpg\" class=\"vc_single_image-img attachment-full\" alt=\"\" title=\"Team Hr7\" srcset=\"https:\/\/skijumpingcanada.com\/wp-content\/uploads\/2025\/09\/Team-Hr7-2.jpg 1200w, https:\/\/skijumpingcanada.com\/wp-content\/uploads\/2025\/09\/Team-Hr7-2-300x100.jpg 300w, https:\/\/skijumpingcanada.com\/wp-content\/uploads\/2025\/09\/Team-Hr7-2-1024x341.jpg 1024w, https:\/\/skijumpingcanada.com\/wp-content\/uploads\/2025\/09\/Team-Hr7-2-768x256.jpg 768w\" sizes=\"(max-width: 1200px) 100vw, 1200px\" \/><\/div>\n\t\t<\/figure>\n\t<\/div>\n<div class=\"vc_separator wpb_content_element vc_separator_align_center vc_sep_width_100 vc_sep_pos_align_center vc_separator_no_text vc_sep_color_grey wpb_content_element  wpb_content_element\" ><span class=\"vc_sep_holder vc_sep_holder_l\"><span class=\"vc_sep_line\"><\/span><\/span><span class=\"vc_sep_holder vc_sep_holder_r\"><span class=\"vc_sep_line\"><\/span><\/span>\n<\/div>\n\t<div class=\"wpb_text_column wpb_content_element\" >\n\t\t<div class=\"wpb_wrapper\">\n\t\t\t<blockquote>\n<p style=\"text-align: center;\"><span style=\"font-family: 'Shadows Into Light';\">Saut \u00e0 Ski Canada est l&#8217;organisation nationale du sport de saut \u00e0 ski au Canada.<\/span><\/p>\n<\/blockquote>\n\n\t\t<\/div>\n\t<\/div>\n\n\t<div class=\"wpb_text_column wpb_content_element\" >\n\t\t<div class=\"wpb_wrapper\">\n\t\t\t<div class=\"shortcode-wrapper shortcode-title clearfix\">\n<div class=\"wpb_text_column wpb_content_element\">\n<div class=\"wpb_wrapper\">\n<h4 style=\"text-align: center;\">Vision<\/h4>\n<p><span style=\"font-weight: 400;\">Favoriser une culture dynamique du saut \u00e0 ski au Canada, en promouvant l\u2019inclusion et l\u2019excellence, afin d\u2019inspirer tous les Canadiens et Canadiennes \u00e0 d\u00e9couvrir la joie de ce sport et \u00e0 renforcer notre identit\u00e9 sportive nationale.<\/span><\/p>\n<h4 style=\"text-align: center;\">Mission<\/h4>\n<p><span style=\"font-weight: 400;\"><strong>1)<\/strong> Offrir un environnement de haute performance qui soutient les athl\u00e8tes dans leur qu\u00eate de podiums aux comp\u00e9titions nationales et internationales.<\/span><\/p>\n<p><span style=\"font-weight: 400;\"><strong>2)<\/strong> Assurer \u00e0 tous les Canadiens l\u2019acc\u00e8s \u00e0 des programmes de saut \u00e0 ski de qualit\u00e9 favorisant le d\u00e9veloppement \u00e0 long terme, le sport pour la vie et la participation.<\/span><\/p>\n<p><span style=\"font-weight: 400;\"><strong>3)<\/strong> Cultiver une culture de mentorat o\u00f9 les meilleurs athl\u00e8tes et entra\u00eeneurs motivent, engagent et soutiennent la rel\u00e8ve du saut \u00e0 ski.<\/span><\/p>\n<p><span style=\"font-weight: 400;\"><strong>4)<\/strong> Promouvoir le saut \u00e0 ski comme un sport inclusif accessible \u00e0 tous, en renfor\u00e7ant l\u2019implication communautaire, la participation locale et l\u2019engagement des partisans.<\/span><\/p>\n<p><span style=\"font-weight: 400;\"><strong>5)<\/strong> Contribuer \u00e0 la communaut\u00e9 internationale du saut \u00e0 ski en assurant des pratiques s\u00e9curitaires et \u00e9quitables, et en formant des entra\u00eeneurs, officiels et b\u00e9n\u00e9voles comp\u00e9tents.<\/span><\/p>\n<h4 style=\"text-align: center;\">Valeurs<\/h4>\n<p><span style=\"font-weight: 400;\"><strong>1)<\/strong><em> Bienveillance<\/em> &#8211; Engagement envers la sant\u00e9 et la s\u00e9curit\u00e9 des athl\u00e8tes et des membres de l&#8217;\u00e9quipe gr\u00e2ce aux initiatives de sport s\u00e9curitaire.<\/span><\/p>\n<p><span style=\"font-weight: 400;\"><strong>2)<\/strong><em> Communaut\u00e9<\/em> &#8211; Valorisation des partenariats et des relations pour favoriser la r\u00e9ussite.<\/span><\/p>\n<p><span style=\"font-weight: 400;\"><strong>3)<\/strong><em> Excellence<\/em> &#8211; Viser l&#8217;excellence tant dans la performance des athl\u00e8tes que dans le soutien organisationnel.<\/span><\/p>\n<p><span style=\"font-weight: 400;\"><strong>4)<\/strong> <em>Int\u00e9grit\u00e9<\/em> &#8211; Agir avec honn\u00eatet\u00e9, responsabilit\u00e9 et transparence.<\/span><\/p>\n<p><span style=\"font-weight: 400;\"><strong>5)<\/strong><em> Durabilit\u00e9 et sant\u00e9 financi\u00e8re<\/em> &#8211; G\u00e9rer les ressources judicieusement pour assurer la viabilit\u00e9 \u00e0 long terme du saut \u00e0 ski au Canada.<\/span><\/p>\n<p><span style=\"font-weight: 400;\"><strong>6)<\/strong> <em>Diversit\u00e9 et inclusion<\/em> &#8211; Nous nous engageons \u00e0 refl\u00e9ter la diversit\u00e9 des communaut\u00e9s que nous servons au sein de notre \u00e9quipe, de notre personnel, de nos b\u00e9n\u00e9voles et de notre leadership. Nous cherchons activement \u00e0 inclure des personnes issues de divers horizons, cultures et exp\u00e9riences afin d&#8217;enrichir nos dynamiques de travail et nos processus d\u00e9cisionnels. <\/span><\/p>\n<h4 style=\"text-align: center;\">Engagement fondamentaux<\/h4>\n<p><span style=\"font-weight: 400;\"><strong>1)<\/strong> Offrir des occasions de pratiquer le saut \u00e0 ski aux Canadiens et Canadiennes.<\/span><\/p>\n<p><span style=\"font-weight: 400;\"><strong>2)<\/strong> Superviser la conduite des comp\u00e9titions de saut \u00e0 ski.<\/span><\/p>\n<p><span style=\"font-weight: 400;\"><strong>3)<\/strong> S\u00e9lectionner et former les membres des \u00e9quipes nationales.<\/span><\/p>\n<p><span style=\"font-weight: 400;\"><strong>4)<\/strong> D\u00e9velopper des programmes de formation pour les athl\u00e8tes, les entra\u00eeneurs et les officiels.<\/span><\/p>\n<p><span style=\"font-weight: 400;\"><strong>5)<\/strong> Repr\u00e9senter le saut \u00e0 ski au sein des organisations sportives canadiennes et internationales.<\/span><\/p>\n<\/div>\n<\/div>\n<\/div>\n\n\t\t<\/div>\n\t<\/div>\n<\/div><\/div><\/div><\/div><div class=\"vc_row wpb_row vc_row-fluid\"><div class=\"wpb_column vc_column_container vc_col-sm-12\"><div class=\"vc_column-inner\"><div class=\"wpb_wrapper\"><div class=\"vc_separator wpb_content_element vc_separator_align_center vc_sep_width_100 vc_sep_pos_align_center vc_separator_no_text wpb_content_element  wpb_content_element\" ><span class=\"vc_sep_holder vc_sep_holder_l\"><span style=\"border-color:#EBEBEB;\" class=\"vc_sep_line\"><\/span><\/span><span class=\"vc_sep_holder vc_sep_holder_r\"><span style=\"border-color:#EBEBEB;\" class=\"vc_sep_line\"><\/span><\/span>\n<\/div><\/div><\/div><\/div><\/div><div class=\"vc_row wpb_row vc_row-fluid\"><div class=\"wpb_column vc_column_container vc_col-sm-12\"><div class=\"vc_column-inner\"><div class=\"wpb_wrapper\">\n\t<div class=\"wpb_text_column wpb_content_element\" >\n\t\t<div class=\"wpb_wrapper\">\n\t\t\t<blockquote>\n<p style=\"text-align: center;\"><span style=\"font-weight: 400; font-family: 'Shadows Into Light';\">L&#8217;Altius Nordic Ski Club et Sea to Ski Nordics sont les clubs de saut \u00e0 ski et de combin\u00e9 nordique courant au Canada. Le British Columbia Ski Jumping &amp; Nordic Combined Society et l&#8217;Alberta Ski Jumping &amp; Nordic Combined sont les deux organisations provinciales de sport courant au Canada. <\/span><\/p>\n<\/blockquote>\n\n\t\t<\/div>\n\t<\/div>\n<\/div><\/div><\/div><\/div>\n<\/div>","protected":false},"excerpt":{"rendered":"Saut \u00e0 Ski Canada est l'organisation nationale du sport de saut \u00e0 ski au Canada. Vision Favoriser une culture dynamique du saut \u00e0 ski au Canada, en promouvant l\u2019inclusion et [...]","protected":false},"author":1,"featured_media":0,"parent":0,"menu_order":0,"comment_status":"closed","ping_status":"closed","template":"","meta":{"footnotes":""},"class_list":["post-4729","page","type-page","status-publish"],"_links":{"self":[{"href":"https:\/\/skijumpingcanada.com\/fr\/wp-json\/wp\/v2\/page\/4729","targetHints":{"allow":["GET"]}}],"collection":[{"href":"https:\/\/skijumpingcanada.com\/fr\/wp-json\/wp\/v2\/page"}],"about":[{"href":"https:\/\/skijumpingcanada.com\/fr\/wp-json\/wp\/v2\/types\/page"}],"author":[{"embeddable":true,"href":"https:\/\/skijumpingcanada.com\/fr\/wp-json\/wp\/v2\/users\/1"}],"replies":[{"embeddable":true,"href":"https:\/\/skijumpingcanada.com\/fr\/wp-json\/wp\/v2\/comments?post=4729"}],"version-history":[{"count":6,"href":"https:\/\/skijumpingcanada.com\/fr\/wp-json\/wp\/v2\/page\/4729\/revisions"}],"predecessor-version":[{"id":8547,"href":"https:\/\/skijumpingcanada.com\/fr\/wp-json\/wp\/v2\/page\/4729\/revisions\/8547"}],"wp:attachment":[{"href":"https:\/\/skijumpingcanada.com\/fr\/wp-json\/wp\/v2\/media?parent=4729"}],"curies":[{"name":"wp","href":"https:\/\/api.w.org\/{rel}","templated":true}]}}