{"id":4766,"date":"2017-08-29T20:23:00","date_gmt":"2017-08-29T20:23:00","guid":{"rendered":"http:\/\/skijumpingcanada.com\/construire-un-saut-de-ski\/"},"modified":"2025-10-23T17:33:23","modified_gmt":"2025-10-23T17:33:23","slug":"construire-un-saut-de-ski","status":"publish","type":"page","link":"https:\/\/skijumpingcanada.com\/fr\/construire-un-saut-de-ski\/","title":{"rendered":"Construire un tremplin de saut \u00e0 ski"},"content":{"rendered":"<div class=\"wpb-content-wrapper\"><div class=\"vc_row wpb_row vc_row-fluid\"><div class=\"wpb_column vc_column_container vc_col-sm-12\"><div class=\"vc_column-inner\"><div class=\"wpb_wrapper\">\n\t<div  class=\"wpb_single_image wpb_content_element vc_align_center wpb_content_element\">\n\t\t\n\t\t<figure class=\"wpb_wrapper vc_figure\">\n\t\t\t<div class=\"vc_single_image-wrapper   vc_box_border_grey\"><img fetchpriority=\"high\" decoding=\"async\" width=\"1200\" height=\"400\" src=\"https:\/\/skijumpingcanada.com\/wp-content\/uploads\/2025\/09\/NHA_0012.jpg\" class=\"vc_single_image-img attachment-full\" alt=\"\" title=\"NHA_0012\" srcset=\"https:\/\/skijumpingcanada.com\/wp-content\/uploads\/2025\/09\/NHA_0012.jpg 1200w, https:\/\/skijumpingcanada.com\/wp-content\/uploads\/2025\/09\/NHA_0012-300x100.jpg 300w, https:\/\/skijumpingcanada.com\/wp-content\/uploads\/2025\/09\/NHA_0012-1024x341.jpg 1024w, https:\/\/skijumpingcanada.com\/wp-content\/uploads\/2025\/09\/NHA_0012-768x256.jpg 768w\" sizes=\"(max-width: 1200px) 100vw, 1200px\" \/><\/div>\n\t\t<\/figure>\n\t<\/div>\n\n\t<div class=\"wpb_text_column wpb_content_element\" >\n\t\t<div class=\"wpb_wrapper\">\n\t\t\t<blockquote>\n<h4 style=\"text-align: center\">Les enfants de 6 \u00e0 16 ans veulent voler et Saut \u00e0 Ski Canada veut donner aux stations de ski les outils pour les encourager \u00e0 le faire en toute s\u00e9curit\u00e9 !<\/h4>\n<\/blockquote>\n<p>Bien que la plupart des stations de ski aient d\u2019excellentes caract\u00e9ristiques int\u00e9gr\u00e9es dans leur parc \u00e0 neige, nous pensons qu\u2019en ajoutant des bosses k12.5 et k20, cela permettra aux enfants d\u2019explorer le saut nordique et fournira une alternative pour ceux qui ne recherchent pas les coups plus acrobatiques offerts dans la plupart des parcs. Cela encouragera \u00e9galement les jeunes enfants \u00e0 essayer le sport et les incitera \u00e0 revenir dans votre \u00e9tablissement.<\/p>\n<p><strong>Saut \u00e0 Ski Canada fournira :<\/strong><\/p>\n<p><strong>1)<\/strong> Sautez les sch\u00e9mas et les instructions de construction &#8211; restez \u00e0 l\u2019\u00e9coute pour un guide pratique sur la fa\u00e7on de construire quelque chose qui convient \u00e0 votre installation.<\/p>\n<p><strong>2)<\/strong> Des experts en b\u00e2timent pour r\u00e9pondre \u00e0 toutes les questions que les gestionnaires du parc pourraient avoir.<\/p>\n<p><em>*N\u2019h\u00e9sitez pas \u00e0 communiquer avec Saut \u00e0 Ski Canada au<\/em> <a href=\"mailto:info@skijumpingcanada.com\">info@skijumpingcanada.com<\/a><\/p>\n<p><strong>3)<\/strong> Des panneaux (ou des mod\u00e8les) en partenariat pour expliquer le saut et fournir des conseils p\u00e9dagogiques de base, \u00e9galement contenus dans ce forfait.<\/p>\n<p><em>*Toute personne int\u00e9ress\u00e9e \u00e0 explorer davantage le sport peut nous contacter par courriel \u00e0 l\u2019adresse<\/em> <a href=\"mailto:info@skijumpingcanada.com\">info@skijumpingcanada.com<\/a><\/p>\n<p><strong>4)<\/strong> Chaque ann\u00e9e, des entra\u00eeneurs itin\u00e9rants organiseront des journ\u00e9es d\u2019apprentissage du vol dans certaines stations participantes.<\/p>\n<p><strong>5)<\/strong> Voici un <a href=\"http:\/\/www.youtube.com\/watch?v=d3JQB1sWbgc\">lien vers une vid\u00e9o<\/a> qui peut \u00eatre diffus\u00e9e dans vos installations.<\/p>\n\n\t\t<\/div>\n\t<\/div>\n<\/div><\/div><\/div><\/div><div class=\"vc_row wpb_row vc_row-fluid\"><div class=\"wpb_column vc_column_container vc_col-sm-12\"><div class=\"vc_column-inner\"><div class=\"wpb_wrapper\"><\/div><\/div><\/div><\/div>\n<\/div>","protected":false},"excerpt":{"rendered":"Les enfants de 6 \u00e0 16 ans veulent voler et Saut \u00e0 Ski Canada veut donner aux stations de ski les outils pour les encourager \u00e0 le faire en toute [...]","protected":false},"author":1,"featured_media":0,"parent":0,"menu_order":0,"comment_status":"closed","ping_status":"closed","template":"","meta":{"footnotes":""},"class_list":["post-4766","page","type-page","status-publish"],"_links":{"self":[{"href":"https:\/\/skijumpingcanada.com\/fr\/wp-json\/wp\/v2\/page\/4766","targetHints":{"allow":["GET"]}}],"collection":[{"href":"https:\/\/skijumpingcanada.com\/fr\/wp-json\/wp\/v2\/page"}],"about":[{"href":"https:\/\/skijumpingcanada.com\/fr\/wp-json\/wp\/v2\/types\/page"}],"author":[{"embeddable":true,"href":"https:\/\/skijumpingcanada.com\/fr\/wp-json\/wp\/v2\/users\/1"}],"replies":[{"embeddable":true,"href":"https:\/\/skijumpingcanada.com\/fr\/wp-json\/wp\/v2\/comments?post=4766"}],"version-history":[{"count":3,"href":"https:\/\/skijumpingcanada.com\/fr\/wp-json\/wp\/v2\/page\/4766\/revisions"}],"predecessor-version":[{"id":8506,"href":"https:\/\/skijumpingcanada.com\/fr\/wp-json\/wp\/v2\/page\/4766\/revisions\/8506"}],"wp:attachment":[{"href":"https:\/\/skijumpingcanada.com\/fr\/wp-json\/wp\/v2\/media?parent=4766"}],"curies":[{"name":"wp","href":"https:\/\/api.w.org\/{rel}","templated":true}]}}