{"id":4769,"date":"2017-08-29T20:28:14","date_gmt":"2017-08-29T20:28:14","guid":{"rendered":"http:\/\/skijumpingcanada.com\/vallee-de-callaghan\/"},"modified":"2025-10-23T16:18:14","modified_gmt":"2025-10-23T16:18:14","slug":"vallee-de-callaghan","status":"publish","type":"page","link":"https:\/\/skijumpingcanada.com\/fr\/vallee-de-callaghan\/","title":{"rendered":"Vall\u00e9e de Callaghan"},"content":{"rendered":"<div class=\"wpb-content-wrapper\"><div class=\"vc_row wpb_row vc_row-fluid\"><div class=\"wpb_column vc_column_container vc_col-sm-12\"><div class=\"vc_column-inner\"><div class=\"wpb_wrapper\">\n\t<div  class=\"wpb_single_image wpb_content_element vc_align_center wpb_content_element\">\n\t\t\n\t\t<figure class=\"wpb_wrapper vc_figure\">\n\t\t\t<div class=\"vc_single_image-wrapper   vc_box_border_grey\"><img fetchpriority=\"high\" decoding=\"async\" width=\"1200\" height=\"400\" src=\"https:\/\/skijumpingcanada.com\/wp-content\/uploads\/2025\/10\/4.png\" class=\"vc_single_image-img attachment-full\" alt=\"\" title=\"4\" srcset=\"https:\/\/skijumpingcanada.com\/wp-content\/uploads\/2025\/10\/4.png 1200w, https:\/\/skijumpingcanada.com\/wp-content\/uploads\/2025\/10\/4-300x100.png 300w, https:\/\/skijumpingcanada.com\/wp-content\/uploads\/2025\/10\/4-1024x341.png 1024w, https:\/\/skijumpingcanada.com\/wp-content\/uploads\/2025\/10\/4-768x256.png 768w\" sizes=\"(max-width: 1200px) 100vw, 1200px\" \/><\/div>\n\t\t<\/figure>\n\t<\/div>\n\n\t<div class=\"wpb_text_column wpb_content_element\" >\n\t\t<div class=\"wpb_wrapper\">\n\t\t\t<blockquote>\n<p style=\"text-align: center\"><span style=\"font-weight: 400;font-family: 'Shadows Into Light';font-size: 19px\">Le Parc olympique de Whistler est le centre national d\u2019entra\u00eenement officiel d\u00e9sign\u00e9 de Saut \u00e0 ski Canada.<\/span><\/p>\n<\/blockquote>\n<p>Le parc olympique de Whistler est situ\u00e9 dans le bassin du ruisseau Madeley, \u00e0 Callaghan, en Colombie-Britannique. L\u2019installation contient deux collines, K125 et K95. Les deux collines ne sont utilis\u00e9es qu\u2019en hiver. Des plans sont actuellement en cours pour construire trois autres tremplins juniors recouverts de plastique, le K40, le K20 et le K10, afin de pr\u00e9server le patrimoine des Jeux olympiques d\u2019hiver.   <\/p>\n<table class=\"rec\">\n<tbody>\n<tr>\n<td class=\"left\">Taille de la colline&nbsp;:<\/td>\n<td class=\"right\">HS 140<\/td>\n<\/tr>\n<tr>\n<td class=\"left\">Point K :<\/td>\n<td class=\"right\">125 m<\/td>\n<\/tr>\n<tr>\n<td class=\"left\">Record de la colline :<\/td>\n<td class=\"right\">149.0 m Gregor Schlierenzauer <img decoding=\"async\" title=\"AUT\" src=\"http:\/\/www.skisprungschanzen.com\/logos\/aut_20.png\" alt=\"AUT\">, 2009-01-25, <acronym title=\"Coupe du Monde\">WC<\/acronym><\/td>\n<\/tr>\n<tr>\n<td class=\"left\">Record de la colline de Ladie :<\/td>\n<td class=\"right\">129.5 m Atsuko Tanaka <img decoding=\"async\" title=\"POUVOIR\" src=\"http:\/\/www.skisprungschanzen.com\/logos\/can_20.png\" alt=\"POUVOIR\">, 2013-03-30, <acronym title=\"Championnats nationaux f\u00e9minins Canada\">L-N-CAN<\/acronym><\/td>\n<\/tr>\n<tr>\n<td class=\"left\">Longueur de course :<\/td>\n<td class=\"right\">95 m<\/td>\n<\/tr>\n<tr>\n<td class=\"left\">Angle de descente :<\/td>\n<td class=\"right\">35\u00b0<\/td>\n<\/tr>\n<tr>\n<td class=\"left\">Longueur au d\u00e9collage :<\/td>\n<td class=\"right\">6,6 millions d\u2019euros<\/td>\n<\/tr>\n<tr>\n<td class=\"left\">Angle de d\u00e9collage :<\/td>\n<td class=\"right\">11,25\u00b0<\/td>\n<\/tr>\n<tr>\n<td class=\"left\">Hauteur de d\u00e9collage :<\/td>\n<td class=\"right\">3,1 millions de m\u00e8tres<\/td>\n<\/tr>\n<tr>\n<td class=\"left\">Vitesse:<\/td>\n<td class=\"right\">94,7 km\/h<\/td>\n<\/tr>\n<tr>\n<td class=\"left\">Angle d\u2019atterrissage :<\/td>\n<td class=\"right\">35\u00b0<\/td>\n<\/tr>\n<tr>\n<td class=\"left\">Certificat de colline :<\/td>\n<td class=\"right\"><a class=\"pdf\" href=\"http:\/\/www.skisprungschanzen.com\/photos\/can\/whistler\/HS140_2007.pdf\" rel=\"groupCertPDF\"><img decoding=\"async\" title=\"Certificat de colline\" src=\"http:\/\/www.skisprungschanzen.com\/layout\/FIS_cert.png\" alt=\"Certificat de colline\"><\/a><\/td>\n<\/tr>\n<\/tbody>\n<\/table>\n<table class=\"rec\">\n<tbody>\n<tr>\n<td class=\"left\">Taille de la colline&nbsp;:<\/td>\n<td class=\"right\">SH 106<\/td>\n<\/tr>\n<tr>\n<td class=\"left\">Point K :<\/td>\n<td class=\"right\">95 m<\/td>\n<\/tr>\n<tr>\n<td class=\"left\">Record de la colline :<\/td>\n<td class=\"right\">109.5 m Adam Ma\u0142ysz <img decoding=\"async\" title=\"POL\" src=\"http:\/\/www.skisprungschanzen.com\/logos\/pol_20.png\" alt=\"POL\">, 2010-02-11, <acronym title=\"Jeux Olympiques d\u2019hiver\">OWG<\/acronym><\/td>\n<\/tr>\n<tr>\n<td class=\"left\">Record officiel de la colline :<\/td>\n<td class=\"right\">108.0 m Simon Ammann <img decoding=\"async\" title=\"SUI\" src=\"http:\/\/www.skisprungschanzen.com\/logos\/sui_20.png\" alt=\"SUI\">, 2010-02-13, <acronym title=\"Jeux Olympiques d\u2019hiver\">OWG<\/acronym><\/td>\n<\/tr>\n<tr>\n<td class=\"left\">Record de la colline de Ladie :<\/td>\n<td class=\"right\">105,5 m (Lindsey Van <img decoding=\"async\" title=\"\u00c9TATS-UNIS\" src=\"http:\/\/www.skisprungschanzen.com\/logos\/usa_20.png\" alt=\"\u00c9TATS-UNIS\">, 2008-01-05)<\/td>\n<\/tr>\n<tr>\n<td class=\"left\"><\/td>\n<td class=\"right\">105.5 m Alexandra Pretorius <img decoding=\"async\" title=\"POUVOIR\" src=\"http:\/\/www.skisprungschanzen.com\/logos\/can_20.png\" alt=\"POUVOIR\">, 2013-03-28, <acronym title=\"Championnats nationaux Canada\">N-CAN <\/acronym> <\/td>\n<\/tr>\n<tr>\n<td class=\"left\">Longueur de course :<\/td>\n<td class=\"right\">87,3 m<\/td>\n<\/tr>\n<tr>\n<td class=\"left\">Angle de descente :<\/td>\n<td class=\"right\">35\u00b0<\/td>\n<\/tr>\n<tr>\n<td class=\"left\">Longueur au d\u00e9collage :<\/td>\n<td class=\"right\">6,1 millim\u00e8tres<\/td>\n<\/tr>\n<tr>\n<td class=\"left\">Angle de d\u00e9collage :<\/td>\n<td class=\"right\">11\u00b0<\/td>\n<\/tr>\n<tr>\n<td class=\"left\">Hauteur de d\u00e9collage :<\/td>\n<td class=\"right\">2,38 millions<\/td>\n<p> d\u2019m\u00e8tres<br \/>\n<\/tr>\n<tr>\n<td class=\"left\">Vitesse:<\/td>\n<td class=\"right\">88,6 km\/h<\/td>\n<\/tr>\n<tr>\n<td class=\"left\">Angle d\u2019atterrissage :<\/td>\n<td class=\"right\">34\u00b0<\/td>\n<\/tr>\n<tr>\n<td class=\"left\">Certificat de colline :<\/td>\n<td class=\"right\"><a class=\"pdf\" href=\"http:\/\/www.skisprungschanzen.com\/photos\/can\/whistler\/HS106_2007a.pdf\" rel=\"groupCertPDF\"><img decoding=\"async\" title=\"Certificat de colline\" src=\"http:\/\/www.skisprungschanzen.com\/layout\/FIS_cert.png\" alt=\"Certificat de colline\"><\/a><\/td>\n<\/tr>\n<\/tbody>\n<\/table>\n<table>\n<tbody>\n<tr>\n<td class=\"left\">Capacit\u00e9 des spectateurs :<\/td>\n<td class=\"right\">12 000<\/td>\n<\/tr>\n<tr>\n<td class=\"left\">Ann\u00e9e de construction :<\/td>\n<td class=\"right\">2007<\/td>\n<\/tr>\n<tr>\n<td class=\"left\">Autres sauts :<\/td>\n<td class=\"right\">K25<\/td>\n<\/tr>\n<tr>\n<td class=\"left\">Statut:<\/td>\n<td class=\"right\">op\u00e9rationnel<\/td>\n<\/tr>\n<tr>\n<td class=\"left\">Tapis en plastique :<\/td>\n<td class=\"right\">Non<\/td>\n<\/tr>\n<tr>\n<td class=\"left\">Club de ski :<\/td>\n<td class=\"right\">Callaghan WSC, Parc olympique de Whistler \/ Legacy Society<\/td>\n<\/tr>\n<\/tbody>\n<\/table>\n<div>\n<p><a href=\"https:\/\/www.skisprungschanzen.com\/EN\/Ski+Jumps\/CAN-Canada\/BC-British+Columbia\/Whistler\/0122\/\" target=\"_blank\" rel=\"noopener\">R\u00e9f\u00e9rence<\/a><\/p>\n<\/div>\n\n\t\t<\/div>\n\t<\/div>\n<\/div><\/div><\/div><\/div><div class=\"wpb_column vc_column_container vc_col-sm-12\"><div class=\"vc_column-inner\"><div class=\"wpb_wrapper\"><\/div><\/div><\/div><div class=\"wpb_column vc_column_container vc_col-sm-6\"><div class=\"vc_column-inner\"><div class=\"wpb_wrapper\"><\/div><\/div><\/div>\n<\/div>","protected":false},"excerpt":{"rendered":"Le Parc olympique de Whistler est le centre national d\u2019entra\u00eenement officiel d\u00e9sign\u00e9 de Saut \u00e0 ski Canada. Le parc olympique de Whistler est situ\u00e9 dans le bassin du ruisseau Madeley, [...]","protected":false},"author":1,"featured_media":0,"parent":0,"menu_order":0,"comment_status":"closed","ping_status":"closed","template":"","meta":{"footnotes":""},"class_list":["post-4769","page","type-page","status-publish"],"_links":{"self":[{"href":"https:\/\/skijumpingcanada.com\/fr\/wp-json\/wp\/v2\/page\/4769","targetHints":{"allow":["GET"]}}],"collection":[{"href":"https:\/\/skijumpingcanada.com\/fr\/wp-json\/wp\/v2\/page"}],"about":[{"href":"https:\/\/skijumpingcanada.com\/fr\/wp-json\/wp\/v2\/types\/page"}],"author":[{"embeddable":true,"href":"https:\/\/skijumpingcanada.com\/fr\/wp-json\/wp\/v2\/users\/1"}],"replies":[{"embeddable":true,"href":"https:\/\/skijumpingcanada.com\/fr\/wp-json\/wp\/v2\/comments?post=4769"}],"version-history":[{"count":3,"href":"https:\/\/skijumpingcanada.com\/fr\/wp-json\/wp\/v2\/page\/4769\/revisions"}],"predecessor-version":[{"id":8491,"href":"https:\/\/skijumpingcanada.com\/fr\/wp-json\/wp\/v2\/page\/4769\/revisions\/8491"}],"wp:attachment":[{"href":"https:\/\/skijumpingcanada.com\/fr\/wp-json\/wp\/v2\/media?parent=4769"}],"curies":[{"name":"wp","href":"https:\/\/api.w.org\/{rel}","templated":true}]}}