{"id":4775,"date":"2017-08-29T20:30:29","date_gmt":"2017-08-29T20:30:29","guid":{"rendered":"http:\/\/skijumpingcanada.com\/parc-olympique-du-canada\/"},"modified":"2017-08-29T20:30:33","modified_gmt":"2017-08-29T20:30:33","slug":"parc-olympique-du-canada","status":"publish","type":"page","link":"https:\/\/skijumpingcanada.com\/fr\/parc-olympique-du-canada\/","title":{"rendered":"Parc Olympique du Canada"},"content":{"rendered":"<div class=\"wpb-content-wrapper\"><div class=\"vc_row wpb_row vc_row-fluid\"><div class=\"wpb_column vc_column_container vc_col-sm-12\"><div class=\"vc_column-inner\"><div class=\"wpb_wrapper\">\n\t<div class=\"wpb_text_column wpb_content_element\" >\n\t\t<div class=\"wpb_wrapper\">\n\t\t\t<h2>Parc Olympique du Canada<\/h2>\n<p>&nbsp;<\/p>\n\n\t\t<\/div>\n\t<\/div>\n<div class=\"vc_separator wpb_content_element vc_separator_align_center vc_sep_width_100 vc_sep_pos_align_center vc_separator_no_text vc_sep_color_grey wpb_content_element  wpb_content_element\" ><span class=\"vc_sep_holder vc_sep_holder_l\"><span class=\"vc_sep_line\"><\/span><\/span><span class=\"vc_sep_holder vc_sep_holder_r\"><span class=\"vc_sep_line\"><\/span><\/span>\n<\/div>\n\t<div  class=\"wpb_single_image wpb_content_element vc_align_center wpb_content_element\">\n\t\t\n\t\t<figure class=\"wpb_wrapper vc_figure\">\n\t\t\t<div class=\"vc_single_image-wrapper   vc_box_border_grey\"><img fetchpriority=\"high\" decoding=\"async\" width=\"1201\" height=\"622\" src=\"https:\/\/skijumpingcanada.com\/wp-content\/uploads\/2014\/09\/Calgaryjumps.jpg\" class=\"vc_single_image-img attachment-full\" alt=\"\" title=\"Calgaryjumps\" srcset=\"https:\/\/skijumpingcanada.com\/wp-content\/uploads\/2014\/09\/Calgaryjumps.jpg 1201w, https:\/\/skijumpingcanada.com\/wp-content\/uploads\/2014\/09\/Calgaryjumps-300x155.jpg 300w, https:\/\/skijumpingcanada.com\/wp-content\/uploads\/2014\/09\/Calgaryjumps-1024x530.jpg 1024w, https:\/\/skijumpingcanada.com\/wp-content\/uploads\/2014\/09\/Calgaryjumps-900x466.jpg 900w, https:\/\/skijumpingcanada.com\/wp-content\/uploads\/2014\/09\/Calgaryjumps-675x350.jpg 675w, https:\/\/skijumpingcanada.com\/wp-content\/uploads\/2014\/09\/Calgaryjumps-100x51.jpg 100w\" sizes=\"(max-width: 1201px) 100vw, 1201px\" \/><\/div>\n\t\t<\/figure>\n\t<\/div>\n<div class=\"vc_separator wpb_content_element vc_separator_align_center vc_sep_width_100 vc_sep_pos_align_center vc_separator_no_text vc_sep_color_grey wpb_content_element  wpb_content_element\" ><span class=\"vc_sep_holder vc_sep_holder_l\"><span class=\"vc_sep_line\"><\/span><\/span><span class=\"vc_sep_holder vc_sep_holder_r\"><span class=\"vc_sep_line\"><\/span><\/span>\n<\/div><\/div><\/div><\/div><\/div><div class=\"vc_row wpb_row vc_row-fluid\"><div class=\"wpb_column vc_column_container vc_col-sm-6\"><div class=\"vc_column-inner\"><div class=\"wpb_wrapper\">\n\t<div class=\"wpb_text_column wpb_content_element\" >\n\t\t<div class=\"wpb_wrapper\">\n\t\t\t<table class=\"rec\">\n<tbody>\n<tr>\n<td class=\"left\">Hill Size:<\/td>\n<td class=\"right\">HS 95<\/td>\n<\/tr>\n<tr>\n<td class=\"left\">K-Point:<\/td>\n<td class=\"right\">89 m<\/td>\n<\/tr>\n<tr>\n<td class=\"left\">Hill record:<\/td>\n<td class=\"right\">101.5 m \u00a0Christian Friberg <img decoding=\"async\" title=\"USA\" src=\"http:\/\/www.skisprungschanzen.com\/logos\/usa_20.png\" alt=\"USA\" \/>\u00a02012-01-03, <acronym title=\"Junior Championships North America\">NJ-NAM<\/acronym><\/td>\n<\/tr>\n<tr>\n<td class=\"left\">Summer hill record:<\/td>\n<td class=\"right\">104.5 m \u00a0Isak Grimholm <img decoding=\"async\" title=\"SWE\" src=\"http:\/\/www.skisprungschanzen.com\/logos\/swe_20.png\" alt=\"SWE\" \/>\u00a02002-09-22, <acronym title=\"Continental Cup\">COC<\/acronym><\/td>\n<\/tr>\n<tr>\n<td class=\"left\">Ladie&#8217;s hill record:<\/td>\n<td class=\"right\">95.5 m Sarah Hendrickson <img decoding=\"async\" title=\"USA\" src=\"http:\/\/www.skisprungschanzen.com\/logos\/usa_20.png\" alt=\"USA\" \/>\u00a0\u00a02012-01-02, <acronym title=\"Junior Championships North America\">NJ-NAM<\/acronym><\/td>\n<\/tr>\n<tr>\n<td class=\"left\">Ladie&#8217;s summer record:<\/td>\n<td class=\"right\">95.0 m \u00a0Juliane Seyfarth <img decoding=\"async\" title=\"GER\" src=\"http:\/\/www.skisprungschanzen.com\/logos\/ger_20.png\" alt=\"GER\" \/>\u00a0\u00a02006-07-26, <acronym title=\"Ladie's Continental Cup\">L-COC<\/acronym><\/td>\n<\/tr>\n<tr>\n<td class=\"left\">Take-off length:<\/td>\n<td class=\"right\">6 m<\/td>\n<\/tr>\n<tr>\n<td class=\"left\">Take-off angle:<\/td>\n<td class=\"right\">10.75\u00b0<\/td>\n<\/tr>\n<tr>\n<td class=\"left\">Landing angle:<\/td>\n<td class=\"right\">37\u00b0<\/td>\n<\/tr>\n<tr>\n<td class=\"left\">Conversions:<\/td>\n<td class=\"right\">2005\/2006, 2013<\/td>\n<\/tr>\n<\/tbody>\n<\/table>\n<p>&nbsp;<\/p>\n<table class=\"rec\">\n<tbody>\n<tr>\n<td class=\"left\">Hill Size:<\/td>\n<td class=\"right\">HS 67<\/td>\n<\/tr>\n<tr>\n<td class=\"left\">K-Point:<\/td>\n<td class=\"right\">63 m<\/td>\n<\/tr>\n<tr>\n<td class=\"left\">Hill record:<\/td>\n<td class=\"right\">71.0 m \u00a0Andrew Osadetz <img decoding=\"async\" title=\"CAN\" src=\"http:\/\/www.skisprungschanzen.com\/logos\/can_20.png\" alt=\"CAN\" \/><\/td>\n<\/tr>\n<\/tbody>\n<\/table>\n<p>&nbsp;<\/p>\n<table>\n<tbody>\n<tr>\n<td class=\"left\">Year of construction:<\/td>\n<td class=\"right\">1986<\/td>\n<\/tr>\n<tr>\n<td class=\"left\">Further jumps:<\/td>\n<td class=\"right\">K38, K13<\/td>\n<\/tr>\n<tr>\n<td class=\"left\">Status:<\/td>\n<td class=\"right\">operating<\/td>\n<\/tr>\n<tr>\n<td class=\"left\">Plastic matting:<\/td>\n<td class=\"right\">yes<\/td>\n<\/tr>\n<tr>\n<td class=\"left\">Ski club:<\/td>\n<td class=\"right\">Altius Nordic SC<\/td>\n<\/tr>\n<\/tbody>\n<\/table>\n<p><a href=\"http:\/\/www.skisprungschanzen.com\/EN\/Ski+Jumps\/CAN-Canada\/\">http:\/\/www.skisprungschanzen.com\/EN\/Ski+Jumps\/CAN-Canada\/<\/a><\/p>\n\n\t\t<\/div>\n\t<\/div>\n<\/div><\/div><\/div><div class=\"wpb_column vc_column_container vc_col-sm-6\"><div class=\"vc_column-inner\"><div class=\"wpb_wrapper\">\n\t<div class=\"wpb_text_column wpb_content_element\" >\n\t\t<div class=\"wpb_wrapper\">\n\t\t\t<p>Le parc Olympique du Canada est situ\u00e9 dans la ville de Calgary, dans la province de l&#8217;Alberta. L&#8217;\u00e9tablissement a construit 5 sauts pour les Jeux Olympiques d&#8217;hiver de 1988. Sur les 5 sauts 4 sont toujours utilis\u00e9s tous les jours sur une base annuelle. Ceux-ci incluent K89, K60, K38, K18. Les atterrissages en plastique ont \u00e9t\u00e9 ajout\u00e9s en 2005-2006 pour faciliter la formation estivale et les comp\u00e9titions. En 2013, un syst\u00e8me de piste r\u00e9frig\u00e9r\u00e9e a \u00e9t\u00e9 ajout\u00e9 \u00e0 la K89 et l&#8217;inrun a \u00e9t\u00e9 re-profil\u00e9 pour respecter la r\u00e9glementation de la concurrence internationale.<\/p>\n\n\t\t<\/div>\n\t<\/div>\n<\/div><\/div><\/div><\/div>\n<\/div>","protected":false},"excerpt":{"rendered":"Parc Olympique du Canada &nbsp; Hill Size: HS 95 K-Point: 89 m Hill record: 101.5 m \u00a0Christian Friberg \u00a02012-01-03, NJ-NAM Summer hill record: 104.5 m \u00a0Isak Grimholm \u00a02002-09-22, COC Ladie's [...]","protected":false},"author":1,"featured_media":0,"parent":0,"menu_order":0,"comment_status":"closed","ping_status":"closed","template":"","meta":{"footnotes":""},"class_list":["post-4775","page","type-page","status-publish"],"_links":{"self":[{"href":"https:\/\/skijumpingcanada.com\/fr\/wp-json\/wp\/v2\/page\/4775","targetHints":{"allow":["GET"]}}],"collection":[{"href":"https:\/\/skijumpingcanada.com\/fr\/wp-json\/wp\/v2\/page"}],"about":[{"href":"https:\/\/skijumpingcanada.com\/fr\/wp-json\/wp\/v2\/types\/page"}],"author":[{"embeddable":true,"href":"https:\/\/skijumpingcanada.com\/fr\/wp-json\/wp\/v2\/users\/1"}],"replies":[{"embeddable":true,"href":"https:\/\/skijumpingcanada.com\/fr\/wp-json\/wp\/v2\/comments?post=4775"}],"version-history":[{"count":1,"href":"https:\/\/skijumpingcanada.com\/fr\/wp-json\/wp\/v2\/page\/4775\/revisions"}],"predecessor-version":[{"id":4780,"href":"https:\/\/skijumpingcanada.com\/fr\/wp-json\/wp\/v2\/page\/4775\/revisions\/4780"}],"wp:attachment":[{"href":"https:\/\/skijumpingcanada.com\/fr\/wp-json\/wp\/v2\/media?parent=4775"}],"curies":[{"name":"wp","href":"https:\/\/api.w.org\/{rel}","templated":true}]}}