{"id":4789,"date":"2017-08-30T00:22:35","date_gmt":"2017-08-30T00:22:35","guid":{"rendered":"http:\/\/skijumpingcanada.com\/national-de-certification\/"},"modified":"2025-10-30T19:16:22","modified_gmt":"2025-10-30T19:16:22","slug":"national-de-certification","status":"publish","type":"page","link":"https:\/\/skijumpingcanada.com\/fr\/national-de-certification\/","title":{"rendered":"Certification d&#8217;entra\u00eenement"},"content":{"rendered":"<div class=\"wpb-content-wrapper\"><div class=\"vc_row wpb_row vc_row-fluid\"><div class=\"wpb_column vc_column_container vc_col-sm-12\"><div class=\"vc_column-inner\"><div class=\"wpb_wrapper\">\n\t<div  class=\"wpb_single_image wpb_content_element vc_align_center wpb_content_element\">\n\t\t\n\t\t<figure class=\"wpb_wrapper vc_figure\">\n\t\t\t<div class=\"vc_single_image-wrapper   vc_box_border_grey\"><img fetchpriority=\"high\" decoding=\"async\" width=\"1200\" height=\"400\" src=\"https:\/\/skijumpingcanada.com\/wp-content\/uploads\/2025\/09\/Alexandria-2.jpg\" class=\"vc_single_image-img attachment-full\" alt=\"\" title=\"Alexandria (2)\" srcset=\"https:\/\/skijumpingcanada.com\/wp-content\/uploads\/2025\/09\/Alexandria-2.jpg 1200w, https:\/\/skijumpingcanada.com\/wp-content\/uploads\/2025\/09\/Alexandria-2-300x100.jpg 300w, https:\/\/skijumpingcanada.com\/wp-content\/uploads\/2025\/09\/Alexandria-2-1024x341.jpg 1024w, https:\/\/skijumpingcanada.com\/wp-content\/uploads\/2025\/09\/Alexandria-2-768x256.jpg 768w\" sizes=\"(max-width: 1200px) 100vw, 1200px\" \/><\/div>\n\t\t<\/figure>\n\t<\/div>\n\n\t<div class=\"wpb_text_column wpb_content_element\" >\n\t\t<div class=\"wpb_wrapper\">\n\t\t\t<blockquote>\n<h4 style=\"text-align: center;\">Le Programme national de certification des entra\u00eeneurs (PNCE) est un programme et formation pour tout entra\u00eeneurs dans plus de soixante sports.<\/h4>\n<\/blockquote>\n<p>Le PNCE a \u00e9volu\u00e9 vers une approche ax\u00e9e sur les comp\u00e9tences o\u00f9 les entra\u00eeneurs sont :<\/p>\n<p><strong>1)<\/strong> Formation en PNCE r\u00e9sultats reli\u00e9 aux participants ils entra\u00eenent<\/p>\n<p><strong>2)<\/strong> \u00c9valu\u00e9 par d\u00e9monstration de r\u00e9sultats d&#8217;entra\u00eenement \u00e0 un standard sp\u00e9cifique.<\/p>\n<p>Pour apprendre plus \u00e0 propos du PNCE, visitez <a href=\"https:\/\/www.coach.ca\/fr\" target=\"_blank\" rel=\"noopener\">l&#8217;Association canadienne des entra\u00eeneurs (ACE) et r\u00e9f\u00e9rer aux<\/a> to the <a href=\"https:\/\/skijumpingcanada.com\/wp-content\/uploads\/2016\/01\/2-Ski-Jumping-NCCP_Operations_Manual_ENG.pdf\" target=\"_blank\" rel=\"noopener\">Ski Jumping and Nordic Combined Canada NCCP Operations Manual.<\/a><\/p>\n<p>Saut \u00e0 Ski Canada et Nordique Combin\u00e9 Canada ont d\u00e9fini un mod\u00e8le de d\u00e9veloppement pour les participants et les entra\u00eeneurs, ainsi qu&#8217;un parcours de formation, afin de pr\u00e9ciser comment devenir entra\u00eeneur certifi\u00e9 et de pr\u00e9senter la vision globale de la f\u00e9d\u00e9ration pour ses entra\u00eeneurs et ses participants dans les ann\u00e9es \u00e0 venir.<\/p>\n<h4 style=\"text-align: center;\">Mod\u00e8les de d\u00e9veloppement<\/h4>\n<p><em>Mod\u00e8le de participant and d\u00e9veloppement des entra\u00eeneurs saut \u00e0 ski\/nordique combin\u00e9<\/em>\u00a0<a href=\"https:\/\/skijumpingcanada.com\/wp-content\/uploads\/2016\/01\/3-nordiccombine-skijump-PDM-CDM.pdf\" target=\"_blank\" rel=\"noopener\">(PDF)<\/a><\/p>\n<p><em>Mod\u00e8le de d\u00e9veloppement \u00e0 long terme des athl\u00e8tes de saut \u00e0 ski <\/em><a href=\"https:\/\/skijumpingcanada.com\/wp-content\/uploads\/2025\/01\/1.1-Nordic-Combined-Ski-Canada-APPENDIX-A-SJNC-LTAD-version-2.3.2-1.pdf\" target=\"_blank\" rel=\"noopener\">(PDF)<\/a><\/p>\n<h4 style=\"text-align: center;\">Certification de d\u00e9veloppement de comp\u00e9tition<\/h4>\n<p>Pour les entra\u00eeneurs qui souhaitent am\u00e9liorer leur r\u00e9pertoire de comp\u00e9tences en saut \u00e0 ski\/combin\u00e9 nordique et \u00e9ventuellement inscrire leurs athl\u00e8tes \u00e0 la comp\u00e9tition, les entra\u00eeneurs apprendront la planification approfondie, le soutien et l&#8217;am\u00e9lioration des comp\u00e9tences de comp\u00e9tition des athl\u00e8tes, ainsi qu&#8217;un aper\u00e7u d\u00e9taill\u00e9 des r\u00e8gles r\u00e9gissant les contextes comp\u00e9titifs de saut \u00e0 ski\/combin\u00e9 nordique.<\/p>\n<p>Il s&#8217;adresse \u00e9galement aux entra\u00eeneurs de haut niveau qui travaillent avec des athl\u00e8tes des \u00e9quipes provinciales et nationales. Ce programme, combinant des modules multisports et sp\u00e9cifiques au saut \u00e0 ski et au combin\u00e9 nordique, offrira une formation compl\u00e8te pour le d\u00e9veloppement d&#8217;athl\u00e8tes de comp\u00e9tition. Les participants apprendront \u00e0 g\u00e9rer un programme de sport de comp\u00e9tition, \u00e0 g\u00e9rer efficacement les questions de psychologie et d&#8217;\u00e9thique du sport, ainsi qu&#8217;\u00e0 analyser et \u00e9valuer les comp\u00e9tences et les performances.<\/p>\n<p>Pour plus d&#8217;information sur les prochains ateliers et savoir comment devenir formateur d&#8217;entra\u00eeneurs, veuillez contacter Jason Sjostrom (Directeur du programme d&#8217;entra\u00eenement \u2013 \u200b\u200bInstitut canadien du sport, Alberta).<\/p>\n<p><i>Parcous de formation des entra\u00eeneurs de d\u00e9veloppement de la comp\u00e9tition en saut \u00e0 ski<\/i>\u00a0<a href=\"https:\/\/skijumpingcanada.com\/wp-content\/uploads\/2016\/01\/4-Ski-Jumping-Comp-Dev-Pathway-revised.pdf\" target=\"_blank\" rel=\"noopener\">(PDF)<\/a><\/p>\n<p><em>Parcours de formation des entra\u00eeneurs de d\u00e9veloppement pour nordique combin\u00e9<\/em>\u00a0<a href=\"https:\/\/skijumpingcanada.com\/wp-content\/uploads\/2016\/01\/6-Nordic-C-Comp-Dev-Pathway-revised.pdf\" target=\"_blank\" rel=\"noopener\">(PDF)<\/a><\/p>\n<p><em>Dossier de l&#8217;entra\u00eeneur de d\u00e9veloppement de la comp\u00e9tition \u00e0 soumettre pour \u00e9valuation<\/em> <a href=\"https:\/\/skijumpingcanada.com\/wp-content\/uploads\/2016\/01\/8-Multisport-Portfolio-Evaluation-Kit-5.pdf\" target=\"_blank\" rel=\"noopener\">(PDF)<\/a><\/p>\n<p><em>Guide d&#8217;\u00e9valuation de d\u00e9veloppement de la comp\u00e9tition<\/em>\u00a0<a href=\"https:\/\/skijumpingcanada.com\/wp-content\/uploads\/2016\/01\/5-Ski-Jumping-Eval-guide.pdf\" target=\"_blank\" rel=\"noopener\">(PDF)<\/a><\/p>\n\n\t\t<\/div>\n\t<\/div>\n<\/div><\/div><\/div><\/div><div class=\"vc_row wpb_row vc_row-fluid\"><div class=\"wpb_column vc_column_container vc_col-sm-12\"><div class=\"vc_column-inner\"><div class=\"wpb_wrapper\"><\/div><\/div><\/div><\/div>\n<\/div>","protected":false},"excerpt":{"rendered":"Le Programme national de certification des entra\u00eeneurs (PNCE) est un programme et formation pour tout entra\u00eeneurs dans plus de soixante sports. Le PNCE a \u00e9volu\u00e9 vers une approche ax\u00e9e sur [...]","protected":false},"author":1,"featured_media":0,"parent":0,"menu_order":0,"comment_status":"closed","ping_status":"closed","template":"","meta":{"footnotes":""},"class_list":["post-4789","page","type-page","status-publish"],"_links":{"self":[{"href":"https:\/\/skijumpingcanada.com\/fr\/wp-json\/wp\/v2\/page\/4789","targetHints":{"allow":["GET"]}}],"collection":[{"href":"https:\/\/skijumpingcanada.com\/fr\/wp-json\/wp\/v2\/page"}],"about":[{"href":"https:\/\/skijumpingcanada.com\/fr\/wp-json\/wp\/v2\/types\/page"}],"author":[{"embeddable":true,"href":"https:\/\/skijumpingcanada.com\/fr\/wp-json\/wp\/v2\/users\/1"}],"replies":[{"embeddable":true,"href":"https:\/\/skijumpingcanada.com\/fr\/wp-json\/wp\/v2\/comments?post=4789"}],"version-history":[{"count":5,"href":"https:\/\/skijumpingcanada.com\/fr\/wp-json\/wp\/v2\/page\/4789\/revisions"}],"predecessor-version":[{"id":8662,"href":"https:\/\/skijumpingcanada.com\/fr\/wp-json\/wp\/v2\/page\/4789\/revisions\/8662"}],"wp:attachment":[{"href":"https:\/\/skijumpingcanada.com\/fr\/wp-json\/wp\/v2\/media?parent=4789"}],"curies":[{"name":"wp","href":"https:\/\/api.w.org\/{rel}","templated":true}]}}