{"id":4814,"date":"2017-08-30T00:47:51","date_gmt":"2017-08-30T00:47:51","guid":{"rendered":"http:\/\/skijumpingcanada.com\/rencontrer-lequipe-canadienne-de-saut-a-ski\/"},"modified":"2025-10-30T18:08:46","modified_gmt":"2025-10-30T18:08:46","slug":"rencontrer-lequipe-canadienne-de-saut-a-ski","status":"publish","type":"page","link":"https:\/\/skijumpingcanada.com\/fr\/rencontrer-lequipe-canadienne-de-saut-a-ski\/","title":{"rendered":"Rencontrez l&#8217;\u00e8quipe nationale de Saut \u00e0 Ski Canada"},"content":{"rendered":"<div class=\"wpb-content-wrapper\"><div class=\"vc_row wpb_row vc_row-fluid\"><div class=\"wpb_column vc_column_container vc_col-sm-12\"><div class=\"vc_column-inner\"><div class=\"wpb_wrapper\"><div class=\"vc_separator wpb_content_element vc_separator_align_center vc_sep_width_100 vc_sep_pos_align_center vc_separator_no_text vc_sep_color_grey wpb_content_element  wpb_content_element\" ><span class=\"vc_sep_holder vc_sep_holder_l\"><span class=\"vc_sep_line\"><\/span><\/span><span class=\"vc_sep_holder vc_sep_holder_r\"><span class=\"vc_sep_line\"><\/span><\/span>\n<\/div><\/div><\/div><\/div><\/div><div class=\"vc_row wpb_row vc_row-fluid vc_row-o-equal-height vc_row-flex\"><div class=\"wpb_column vc_column_container vc_col-sm-3\"><div class=\"vc_column-inner\"><div class=\"wpb_wrapper\">\t\t\r\n\t\t<div class=\"mega_team_case_8\">\r\n    <div class=\"maw_team_wrap\" style=\"background: #EC3338; max-width: 300px; width: 100%;\">\r\n        <div class=\"maw_team_photo_wrapper\">\r\n            <div class=\"maw_team_photo\">\r\n                <div class=\"\">\r\n                    <img decoding=\"async\" src=\"https:\/\/skijumpingcanada.com\/wp-content\/uploads\/2025\/10\/Untitled-design-5-1.png\" alt=\"\">\r\n                <\/div>\r\n            <\/div>\r\n        <\/div>\r\n        \r\n        <div class=\"maw_team_description\">\r\n            <span class=\"maw_team_name\" style=\"color: #FFFFFF; font-size: 30px;\">\r\n                Ale Loutitt            <\/span>\r\n            <span class=\"maw_team_role\" style=\"color: #FFFFFF; font-size: 20px;\">\r\n                Membre de l&#039;\u00e9quipe nationale canadienne de saut \u00e0 ski f\u00e9minin            <\/span>\r\n            <div class=\"maw_team_text\" style=\"color: #FFFFFF; font-size: 15px;\">\r\n                Lisez ma biographie compl\u00e8te au bas!            <\/div>\r\n        <\/div>\r\n\r\n        <div class=\"maw_team_icons\">\r\n                                                                    <\/div>\r\n    <\/div>\r\n<\/div>\r\n\t\t<\/div><\/div><\/div><div class=\"wpb_column vc_column_container vc_col-sm-3\"><div class=\"vc_column-inner\"><div class=\"wpb_wrapper\">\t\t\r\n\t\t<div class=\"mega_team_case_8\">\r\n    <div class=\"maw_team_wrap\" style=\"background: #EC3338; max-width: 300px; width: 100%;\">\r\n        <div class=\"maw_team_photo_wrapper\">\r\n            <div class=\"maw_team_photo\">\r\n                <div class=\"\">\r\n                    <img decoding=\"async\" src=\"https:\/\/skijumpingcanada.com\/wp-content\/uploads\/2025\/10\/Abi-2023.jpg\" alt=\"\">\r\n                <\/div>\r\n            <\/div>\r\n        <\/div>\r\n        \r\n        <div class=\"maw_team_description\">\r\n            <span class=\"maw_team_name\" style=\"color: #FFFFFF; font-size: 30px;\">\r\n                Abigail Strate            <\/span>\r\n            <span class=\"maw_team_role\" style=\"color: #FFFFFF; font-size: 20px;\">\r\n                Membre de l&#039;\u00e9quipe nationale canadienne de saut \u00e0 ski f\u00e9minin            <\/span>\r\n            <div class=\"maw_team_text\" style=\"color: #FFFFFF; font-size: 15px;\">\r\n                Lisez ma biographie compl\u00e8te au bas!            <\/div>\r\n        <\/div>\r\n\r\n        <div class=\"maw_team_icons\">\r\n                                                                    <\/div>\r\n    <\/div>\r\n<\/div>\r\n\t\t<\/div><\/div><\/div><div class=\"wpb_column vc_column_container vc_col-sm-3\"><div class=\"vc_column-inner\"><div class=\"wpb_wrapper\">\t\t\r\n\t\t<div class=\"mega_team_case_8\">\r\n    <div class=\"maw_team_wrap\" style=\"background: #EC3338; max-width: 300px; width: 100%;\">\r\n        <div class=\"maw_team_photo_wrapper\">\r\n            <div class=\"maw_team_photo\">\r\n                <div class=\"\">\r\n                    <img decoding=\"async\" src=\"https:\/\/skijumpingcanada.com\/wp-content\/uploads\/2025\/10\/unnamed-scaled.jpg\" alt=\"\">\r\n                <\/div>\r\n            <\/div>\r\n        <\/div>\r\n        \r\n        <div class=\"maw_team_description\">\r\n            <span class=\"maw_team_name\" style=\"color: #FFFFFF; font-size: 30px;\">\r\n                Nicole Maurer            <\/span>\r\n            <span class=\"maw_team_role\" style=\"color: #FFFFFF; font-size: 20px;\">\r\n                Membre de l&#039;\u00e9quipe nationale canadienne de saut \u00e0 ski f\u00e9minin            <\/span>\r\n            <div class=\"maw_team_text\" style=\"color: #FFFFFF; font-size: 15px;\">\r\n                Lisez ma biographic compl\u00e8te au bas!            <\/div>\r\n        <\/div>\r\n\r\n        <div class=\"maw_team_icons\">\r\n                                                                    <\/div>\r\n    <\/div>\r\n<\/div>\r\n\t\t<\/div><\/div><\/div><div class=\"wpb_column vc_column_container vc_col-sm-3\"><div class=\"vc_column-inner\"><div class=\"wpb_wrapper\">\t\t\r\n\t\t<div class=\"mega_team_case_8\">\r\n    <div class=\"maw_team_wrap\" style=\"background: #EC3338; max-width: 300px; width: 100%;\">\r\n        <div class=\"maw_team_photo_wrapper\">\r\n            <div class=\"maw_team_photo\">\r\n                <div class=\"\">\r\n                    <img decoding=\"async\" src=\"https:\/\/skijumpingcanada.com\/wp-content\/uploads\/2017\/04\/Profile-Picture-.jpg\" alt=\"\">\r\n                <\/div>\r\n            <\/div>\r\n        <\/div>\r\n        \r\n        <div class=\"maw_team_description\">\r\n            <span class=\"maw_team_name\" style=\"color: #FFFFFF; font-size: 30px;\">\r\n                Natalie Eilers            <\/span>\r\n            <span class=\"maw_team_role\" style=\"color: #FFFFFF; font-size: 20px;\">\r\n                Membre de l&#039;\u00e9quipe nationale canadienne de saut \u00e0 ski f\u00e9minin            <\/span>\r\n            <div class=\"maw_team_text\" style=\"color: #FFFFFF; font-size: 15px;\">\r\n                Lisez ma biographic compl\u00e8te au bas!            <\/div>\r\n        <\/div>\r\n\r\n        <div class=\"maw_team_icons\">\r\n                                                                    <\/div>\r\n    <\/div>\r\n<\/div>\r\n\t\t<\/div><\/div><\/div><\/div><div class=\"vc_row wpb_row vc_row-fluid\"><div class=\"wpb_column vc_column_container vc_col-sm-3\"><div class=\"vc_column-inner\"><div class=\"wpb_wrapper\"><div class=\"vc_icon_element vc_icon_element-outer vc_do_icon vc_icon_element-align-center\"><div class=\"vc_icon_element-inner vc_icon_element-color-black vc_icon_element-size-md vc_icon_element-style- vc_icon_element-background-color-grey\" ><span class=\"vc_icon_element-icon fa fa-brands fa-readme\" ><\/span><a class=\"vc_icon_element-link\" href=\"\/fr\/?page_id=8347\"  title=\"\" target=\"_self\"><\/a><\/div><\/div><\/div><\/div><\/div><div class=\"wpb_column vc_column_container vc_col-sm-3\"><div class=\"vc_column-inner\"><div class=\"wpb_wrapper\"><div class=\"vc_icon_element vc_icon_element-outer vc_do_icon vc_icon_element-align-center\"><div class=\"vc_icon_element-inner vc_icon_element-color-black vc_icon_element-size-md vc_icon_element-style- vc_icon_element-background-color-grey\" ><span class=\"vc_icon_element-icon fa fa-brands fa-readme\" ><\/span><a class=\"vc_icon_element-link\" href=\"\/fr\/?page_id=8353\"  title=\"\" target=\"_self\"><\/a><\/div><\/div><\/div><\/div><\/div><div class=\"wpb_column vc_column_container vc_col-sm-3\"><div class=\"vc_column-inner\"><div class=\"wpb_wrapper\"><div class=\"vc_icon_element vc_icon_element-outer vc_do_icon vc_icon_element-align-center\"><div class=\"vc_icon_element-inner vc_icon_element-color-black vc_icon_element-size-md vc_icon_element-style- vc_icon_element-background-color-grey\" ><span class=\"vc_icon_element-icon fa fa-brands fa-readme\" ><\/span><a class=\"vc_icon_element-link\" href=\"\/fr\/?page_id=8358\"  title=\"\" target=\"_self\"><\/a><\/div><\/div><\/div><\/div><\/div><div class=\"wpb_column vc_column_container vc_col-sm-3\"><div class=\"vc_column-inner\"><div class=\"wpb_wrapper\"><div class=\"vc_icon_element vc_icon_element-outer vc_do_icon vc_icon_element-align-center\"><div class=\"vc_icon_element-inner vc_icon_element-color-black vc_icon_element-size-md vc_icon_element-style- vc_icon_element-background-color-grey\" ><span class=\"vc_icon_element-icon fa fa-brands fa-readme\" ><\/span><a class=\"vc_icon_element-link\" href=\"\/fr\/?page_id=8363\"  title=\"\" target=\"_self\"><\/a><\/div><\/div><\/div><\/div><\/div><\/div><div class=\"vc_row wpb_row vc_row-fluid\"><div class=\"wpb_column vc_column_container vc_col-sm-12\"><div class=\"vc_column-inner\"><div class=\"wpb_wrapper\"><div class=\"vc_empty_space\"   style=\"height: 40px\"><span class=\"vc_empty_space_inner\"><\/span><\/div><div class=\"vc_separator wpb_content_element vc_separator_align_center vc_sep_width_100 vc_sep_pos_align_center vc_separator_no_text vc_sep_color_grey wpb_content_element  wpb_content_element\" ><span class=\"vc_sep_holder vc_sep_holder_l\"><span class=\"vc_sep_line\"><\/span><\/span><span class=\"vc_sep_holder vc_sep_holder_r\"><span class=\"vc_sep_line\"><\/span><\/span>\n<\/div>\t\t\r\n\t\t<div class=\"mega_team_case_8\">\r\n    <div class=\"maw_team_wrap\" style=\"background: #EC3338; max-width: 250px; width: 100%;\">\r\n        <div class=\"maw_team_photo_wrapper\">\r\n            <div class=\"maw_team_photo\">\r\n                <div class=\"\">\r\n                    <img decoding=\"async\" src=\"https:\/\/skijumpingcanada.com\/wp-content\/uploads\/2020\/10\/2016-Mac-web-350x350-1.jpg\" alt=\"\">\r\n                <\/div>\r\n            <\/div>\r\n        <\/div>\r\n        \r\n        <div class=\"maw_team_description\">\r\n            <span class=\"maw_team_name\" style=\"color: #FFFFFF; font-size: 30px;\">\r\n                Mackenzie Boyd-Clowes            <\/span>\r\n            <span class=\"maw_team_role\" style=\"color: #FFFFFF; font-size: 20px;\">\r\n                Membre de l&#039;\u00e9quipe nationale canadienne de saut \u00e0 ski masculin            <\/span>\r\n            <div class=\"maw_team_text\" style=\"color: ; font-size: px;\">\r\n                            <\/div>\r\n        <\/div>\r\n\r\n        <div class=\"maw_team_icons\">\r\n                                                                    <\/div>\r\n    <\/div>\r\n<\/div>\r\n\t\t<div class=\"vc_empty_space\"   style=\"height: 40px\"><span class=\"vc_empty_space_inner\"><\/span><\/div><\/div><\/div><\/div><\/div><div class=\"vc_row wpb_row vc_row-fluid\"><div class=\"wpb_column vc_column_container vc_col-sm-12\"><div class=\"vc_column-inner\"><div class=\"wpb_wrapper\"><div class=\"vc_separator wpb_content_element vc_separator_align_center vc_sep_width_100 vc_sep_pos_align_center vc_separator_no_text vc_sep_color_grey wpb_content_element  wpb_content_element\" ><span class=\"vc_sep_holder vc_sep_holder_l\"><span class=\"vc_sep_line\"><\/span><\/span><span class=\"vc_sep_holder vc_sep_holder_r\"><span class=\"vc_sep_line\"><\/span><\/span>\n<\/div><\/div><\/div><\/div><\/div><div class=\"vc_row wpb_row vc_row-fluid\"><div class=\"wpb_column vc_column_container vc_col-sm-6\"><div class=\"vc_column-inner\"><div class=\"wpb_wrapper\">\t\t\r\n\t\t<div class=\"mega_team_case_8\">\r\n    <div class=\"maw_team_wrap\" style=\"background: #EC3338; max-width: 250px; width: 100%;\">\r\n        <div class=\"maw_team_photo_wrapper\">\r\n            <div class=\"maw_team_photo\">\r\n                <div class=\"\">\r\n                    <img decoding=\"async\" src=\"\" alt=\"\">\r\n                <\/div>\r\n            <\/div>\r\n        <\/div>\r\n        \r\n        <div class=\"maw_team_description\">\r\n            <span class=\"maw_team_name\" style=\"color: #FFFFFF; font-size: 30px;\">\r\n                Tarik VanWieren            <\/span>\r\n            <span class=\"maw_team_role\" style=\"color: #FFFFFF; font-size: 20px;\">\r\n                Membre de l&#039;\u00e9quipe nationale canadienne de d\u00e9veloppement de saut \u00e0 ski masculin            <\/span>\r\n            <div class=\"maw_team_text\" style=\"color: ; font-size: px;\">\r\n                            <\/div>\r\n        <\/div>\r\n\r\n        <div class=\"maw_team_icons\">\r\n                                                                    <\/div>\r\n    <\/div>\r\n<\/div>\r\n\t\t<\/div><\/div><\/div><div class=\"wpb_column vc_column_container vc_col-sm-6\"><div class=\"vc_column-inner\"><div class=\"wpb_wrapper\">\t\t\r\n\t\t<div class=\"mega_team_case_8\">\r\n    <div class=\"maw_team_wrap\" style=\"background: #EC3338; max-width: 250px; width: 100%;\">\r\n        <div class=\"maw_team_photo_wrapper\">\r\n            <div class=\"maw_team_photo\">\r\n                <div class=\"\">\r\n                    <img decoding=\"async\" src=\"\" alt=\"\">\r\n                <\/div>\r\n            <\/div>\r\n        <\/div>\r\n        \r\n        <div class=\"maw_team_description\">\r\n            <span class=\"maw_team_name\" style=\"color: #FFFFFF; font-size: 30px;\">\r\n                Mitchell Penning            <\/span>\r\n            <span class=\"maw_team_role\" style=\"color: #FFFFFF; font-size: 20px;\">\r\n                Membre de l&#039;\u00e9quipe nationale canadienne de d\u00e9veloppement de saut \u00e0 ski masculin            <\/span>\r\n            <div class=\"maw_team_text\" style=\"color: ; font-size: px;\">\r\n                            <\/div>\r\n        <\/div>\r\n\r\n        <div class=\"maw_team_icons\">\r\n                                                                    <\/div>\r\n    <\/div>\r\n<\/div>\r\n\t\t<\/div><\/div><\/div><\/div><div class=\"vc_row wpb_row vc_row-fluid\"><div class=\"wpb_column vc_column_container vc_col-sm-12\"><div class=\"vc_column-inner\"><div class=\"wpb_wrapper\"><\/div><\/div><\/div><\/div>\n<\/div>","protected":false},"excerpt":{"rendered":"Ale Loutitt Membre de l&#039;\u00e9quipe nationale canadienne de saut \u00e0 ski f\u00e9minin Lisez ma biographie compl\u00e8te au bas! Abigail Strate Membre de l&#039;\u00e9quipe nationale canadienne de saut \u00e0 ski f\u00e9minin [...]","protected":false},"author":1,"featured_media":0,"parent":0,"menu_order":0,"comment_status":"closed","ping_status":"closed","template":"","meta":{"footnotes":""},"class_list":["post-4814","page","type-page","status-publish"],"_links":{"self":[{"href":"https:\/\/skijumpingcanada.com\/fr\/wp-json\/wp\/v2\/page\/4814","targetHints":{"allow":["GET"]}}],"collection":[{"href":"https:\/\/skijumpingcanada.com\/fr\/wp-json\/wp\/v2\/page"}],"about":[{"href":"https:\/\/skijumpingcanada.com\/fr\/wp-json\/wp\/v2\/types\/page"}],"author":[{"embeddable":true,"href":"https:\/\/skijumpingcanada.com\/fr\/wp-json\/wp\/v2\/users\/1"}],"replies":[{"embeddable":true,"href":"https:\/\/skijumpingcanada.com\/fr\/wp-json\/wp\/v2\/comments?post=4814"}],"version-history":[{"count":6,"href":"https:\/\/skijumpingcanada.com\/fr\/wp-json\/wp\/v2\/page\/4814\/revisions"}],"predecessor-version":[{"id":8640,"href":"https:\/\/skijumpingcanada.com\/fr\/wp-json\/wp\/v2\/page\/4814\/revisions\/8640"}],"wp:attachment":[{"href":"https:\/\/skijumpingcanada.com\/fr\/wp-json\/wp\/v2\/media?parent=4814"}],"curies":[{"name":"wp","href":"https:\/\/api.w.org\/{rel}","templated":true}]}}