{"id":5000,"date":"2018-03-29T18:04:55","date_gmt":"2018-03-29T18:04:55","guid":{"rendered":"http:\/\/skijumpingcanada.com\/processus-de-selection-de-lequipe-nationale-et-de-competition\/"},"modified":"2025-10-30T18:14:11","modified_gmt":"2025-10-30T18:14:11","slug":"processus-de-selection-de-lequipe-nationale-et-de-competition","status":"publish","type":"page","link":"https:\/\/skijumpingcanada.com\/fr\/processus-de-selection-de-lequipe-nationale-et-de-competition\/","title":{"rendered":"Processus de s\u00e9lection de l&#8217;\u00e9quipe nationale et de comp\u00e9tition"},"content":{"rendered":"<div class=\"wpb-content-wrapper\"><div class=\"vc_row wpb_row vc_row-fluid\"><div class=\"wpb_column vc_column_container vc_col-sm-12\"><div class=\"vc_column-inner\"><div class=\"wpb_wrapper\">\n\t<div class=\"wpb_text_column wpb_content_element\" >\n\t\t<div class=\"wpb_wrapper\">\n\t\t\t<p>Ces fichiers t\u00e9l\u00e9chargeables soulignent le processus de s\u00e9lection de Saut a Ski Canada pour leur Equipe Nationale et de D\u00e9veloppement d&#8217;Hommes et de Femmes pour la saison de 2025\/2026.<\/p>\n<p><strong><a href=\"http:\/\/skijumpingcanada.com\/wp-content\/uploads\/2025\/03\/Selection-Criteria-Nomination-and-Announcement-Policy-2025-2026.pdf\">Processus et crit\u00e8res de s\u00e9lection de l\u2019\u00e9quipe nationale de Saut \u00e0 Ski Canada 2025\/2026<\/a><\/strong><\/p>\n<p>\u00a0<\/p>\n<p>&nbsp;<\/p>\n\n\t\t<\/div>\n\t<\/div>\n<\/div><\/div><\/div><\/div><\/div>","protected":false},"excerpt":{"rendered":"Ces fichiers t\u00e9l\u00e9chargeables soulignent le processus de s\u00e9lection de Saut a Ski Canada pour leur Equipe Nationale et de D\u00e9veloppement d'Hommes et de Femmes pour la saison de 2025\/2026. Processus [...]","protected":false},"author":1,"featured_media":0,"parent":0,"menu_order":0,"comment_status":"closed","ping_status":"closed","template":"","meta":{"footnotes":""},"class_list":["post-5000","page","type-page","status-publish"],"_links":{"self":[{"href":"https:\/\/skijumpingcanada.com\/fr\/wp-json\/wp\/v2\/page\/5000","targetHints":{"allow":["GET"]}}],"collection":[{"href":"https:\/\/skijumpingcanada.com\/fr\/wp-json\/wp\/v2\/page"}],"about":[{"href":"https:\/\/skijumpingcanada.com\/fr\/wp-json\/wp\/v2\/types\/page"}],"author":[{"embeddable":true,"href":"https:\/\/skijumpingcanada.com\/fr\/wp-json\/wp\/v2\/users\/1"}],"replies":[{"embeddable":true,"href":"https:\/\/skijumpingcanada.com\/fr\/wp-json\/wp\/v2\/comments?post=5000"}],"version-history":[{"count":4,"href":"https:\/\/skijumpingcanada.com\/fr\/wp-json\/wp\/v2\/page\/5000\/revisions"}],"predecessor-version":[{"id":8642,"href":"https:\/\/skijumpingcanada.com\/fr\/wp-json\/wp\/v2\/page\/5000\/revisions\/8642"}],"wp:attachment":[{"href":"https:\/\/skijumpingcanada.com\/fr\/wp-json\/wp\/v2\/media?parent=5000"}],"curies":[{"name":"wp","href":"https:\/\/api.w.org\/{rel}","templated":true}]}}