{"id":5206,"date":"2019-11-12T21:22:48","date_gmt":"2019-11-12T21:22:48","guid":{"rendered":"http:\/\/skijumpingcanada.com\/lequipe-canadienne-de-saut-a-ski-programme-daide-aux-athletes\/"},"modified":"2026-01-29T18:54:57","modified_gmt":"2026-01-29T18:54:57","slug":"lequipe-canadienne-de-saut-a-ski-programme-daide-aux-athletes","status":"publish","type":"page","link":"https:\/\/skijumpingcanada.com\/fr\/lequipe-canadienne-de-saut-a-ski-programme-daide-aux-athletes\/","title":{"rendered":"Programme d\u2019aide aux athl\u00e8tes de Sport Canada"},"content":{"rendered":"<div class=\"wpb-content-wrapper\"><div class=\"vc_row wpb_row vc_row-fluid\"><div class=\"wpb_column vc_column_container vc_col-sm-12\"><div class=\"vc_column-inner\"><div class=\"wpb_wrapper\">\n\t<div class=\"wpb_text_column wpb_content_element\" >\n\t\t<div class=\"wpb_wrapper\">\n\t\t\t<blockquote>\n<p><span style=\"font-family: 'Shadows Into Light';\">L\u2019objectif du Programme d\u2019aide aux athl\u00e8tes (PAA) de Sport Canada est de contribuer \u00e0 l\u2019am\u00e9lioration des performances canadiennes lors des grandes comp\u00e9titions sportives internationales telles que les Jeux olympiques et paralympiques, les Jeux du Commonwealth, les Jeux panam\u00e9ricains et les Championnats du monde.<\/span><\/p>\n<\/blockquote>\n<p>L\u2019AAP identifie et soutient les athl\u00e8tes qui figurent d\u00e9j\u00e0 parmi les 16 meilleurs au monde ou qui ont le potentiel de figurer parmi les 16 premiers. SSC appuie ces objectifs lorsqu\u2019il propose des athl\u00e8tes \u00e0 Sport Canada pour ce volet de financement.<\/p>\n<p><strong>Pour l\u2019ann\u00e9e 2026-27, SSC cible :<\/strong><\/p>\n<p>1) Les athl\u00e8tes qui performent \u00e0 un haut niveau et qui ont le potentiel de bien faire aux Championnats du monde de 2026 pour le financement des seniors, et ;<\/p>\n<p>2) Les athl\u00e8tes de la prochaine g\u00e9n\u00e9ration ayant le potentiel de bien faire aux Championnats du monde junior de 2026 et au-del\u00e0, avec un financement au niveau du d\u00e9veloppement.<\/p>\n<p>L\u2019AAP fait partie du programme de soutien holistique que SJC offre \u00e0 ses athl\u00e8tes, dans le but de leur permettre d\u2019atteindre leur plein potentiel tout au long de leur carri\u00e8re sportive et au-del\u00e0.<\/p>\n<p>Politique de brevets de Saut \u00e0 Ski Canada 2026-2027 En traduction<\/p>\n\n\t\t<\/div>\n\t<\/div>\n<\/div><\/div><\/div><\/div>\n\n\n<p><\/p>\n<\/div>","protected":false},"excerpt":{"rendered":"L\u2019objectif du Programme d\u2019aide aux athl\u00e8tes (PAA) de Sport Canada est de contribuer \u00e0 l\u2019am\u00e9lioration des performances canadiennes lors des grandes comp\u00e9titions sportives internationales telles que les Jeux olympiques et [...]","protected":false},"author":1,"featured_media":0,"parent":0,"menu_order":0,"comment_status":"closed","ping_status":"closed","template":"","meta":{"footnotes":""},"class_list":["post-5206","page","type-page","status-publish"],"_links":{"self":[{"href":"https:\/\/skijumpingcanada.com\/fr\/wp-json\/wp\/v2\/page\/5206","targetHints":{"allow":["GET"]}}],"collection":[{"href":"https:\/\/skijumpingcanada.com\/fr\/wp-json\/wp\/v2\/page"}],"about":[{"href":"https:\/\/skijumpingcanada.com\/fr\/wp-json\/wp\/v2\/types\/page"}],"author":[{"embeddable":true,"href":"https:\/\/skijumpingcanada.com\/fr\/wp-json\/wp\/v2\/users\/1"}],"replies":[{"embeddable":true,"href":"https:\/\/skijumpingcanada.com\/fr\/wp-json\/wp\/v2\/comments?post=5206"}],"version-history":[{"count":5,"href":"https:\/\/skijumpingcanada.com\/fr\/wp-json\/wp\/v2\/page\/5206\/revisions"}],"predecessor-version":[{"id":9186,"href":"https:\/\/skijumpingcanada.com\/fr\/wp-json\/wp\/v2\/page\/5206\/revisions\/9186"}],"wp:attachment":[{"href":"https:\/\/skijumpingcanada.com\/fr\/wp-json\/wp\/v2\/media?parent=5206"}],"curies":[{"name":"wp","href":"https:\/\/api.w.org\/{rel}","templated":true}]}}