{"id":7210,"date":"2024-08-12T16:34:38","date_gmt":"2024-08-12T16:34:38","guid":{"rendered":"https:\/\/skijumpingcanada.com\/?page_id=7210"},"modified":"2025-10-30T18:17:06","modified_gmt":"2025-10-30T18:17:06","slug":"saut-a-ski-canadaxxve-jeux-olympiques-dhiver-milano-cortina-2026-procedure-de-nomination-interne","status":"publish","type":"page","link":"https:\/\/skijumpingcanada.com\/fr\/saut-a-ski-canadaxxve-jeux-olympiques-dhiver-milano-cortina-2026-procedure-de-nomination-interne\/","title":{"rendered":"Saut \u00e0 Ski Canada Jeux Olympiques d\u2019hiver \u2013 Milano Cortina 2026 Proc\u00e9dure de nomination interne"},"content":{"rendered":"<div class=\"wpb-content-wrapper\"><div class=\"vc_row wpb_row vc_row-fluid\"><div class=\"wpb_column vc_column_container vc_col-sm-12\"><div class=\"vc_column-inner\"><div class=\"wpb_wrapper\">\n\t<div class=\"wpb_text_column wpb_content_element\" >\n\t\t<div class=\"wpb_wrapper\">\n\t\t\t<p>La pr\u00e9sente <em>Proc\u00e9dure de nomination interne (PNI)<\/em> d\u00e9crit le processus et les crit\u00e8res de qualification qui seront utilis\u00e9s par Saut \u00e0 Ski Canada (SSC) pour nommer des athl\u00e8tes et des membres du personnel au Comit\u00e9 olympique canadien (COC) en vue de leur s\u00e9lection au sein de l\u2019\u00e9quipe des Jeux olympiques d\u2019hiver de 2026 pour repr\u00e9senter le Canada en saut \u00e0 ski.<\/p>\n<p><a href=\"http:\/\/skijumpingcanada.com\/wp-content\/uploads\/2024\/08\/ACFrOgBO0VgCogu1FZOGZ0KfH7gBVPZmwx14pXdTafv_1wz3Ov439Kt5pBhcRDCmWWPDcLOoa9WaRnGLBorg36-CXGb6tOSyoxUOBf_wD_q9zRR4SHcDh4XdFYcswszlbLX15mhtX6e4f6vKLif6.pdf\"><strong>Milano Cortina 2026 Proc\u00e9dure de nomination interne<\/strong><\/a><\/p>\n<p>&nbsp;<\/p>\n\n\t\t<\/div>\n\t<\/div>\n<\/div><\/div><\/div><\/div><\/div>","protected":false},"excerpt":{"rendered":"La pr\u00e9sente Proc\u00e9dure de nomination interne (PNI) d\u00e9crit le processus et les crit\u00e8res de qualification qui seront utilis\u00e9s par Saut \u00e0 Ski Canada (SSC) pour nommer des athl\u00e8tes et des [...]","protected":false},"author":1,"featured_media":0,"parent":0,"menu_order":0,"comment_status":"closed","ping_status":"closed","template":"","meta":{"footnotes":""},"class_list":["post-7210","page","type-page","status-publish"],"_links":{"self":[{"href":"https:\/\/skijumpingcanada.com\/fr\/wp-json\/wp\/v2\/page\/7210","targetHints":{"allow":["GET"]}}],"collection":[{"href":"https:\/\/skijumpingcanada.com\/fr\/wp-json\/wp\/v2\/page"}],"about":[{"href":"https:\/\/skijumpingcanada.com\/fr\/wp-json\/wp\/v2\/types\/page"}],"author":[{"embeddable":true,"href":"https:\/\/skijumpingcanada.com\/fr\/wp-json\/wp\/v2\/users\/1"}],"replies":[{"embeddable":true,"href":"https:\/\/skijumpingcanada.com\/fr\/wp-json\/wp\/v2\/comments?post=7210"}],"version-history":[{"count":3,"href":"https:\/\/skijumpingcanada.com\/fr\/wp-json\/wp\/v2\/page\/7210\/revisions"}],"predecessor-version":[{"id":8644,"href":"https:\/\/skijumpingcanada.com\/fr\/wp-json\/wp\/v2\/page\/7210\/revisions\/8644"}],"wp:attachment":[{"href":"https:\/\/skijumpingcanada.com\/fr\/wp-json\/wp\/v2\/media?parent=7210"}],"curies":[{"name":"wp","href":"https:\/\/api.w.org\/{rel}","templated":true}]}}