{"id":8453,"date":"2025-10-23T15:50:47","date_gmt":"2025-10-23T15:50:47","guid":{"rendered":"https:\/\/skijumpingcanada.com\/notre-personnel\/"},"modified":"2025-10-23T15:54:03","modified_gmt":"2025-10-23T15:54:03","slug":"notre-personnel","status":"publish","type":"page","link":"https:\/\/skijumpingcanada.com\/fr\/notre-personnel\/","title":{"rendered":"Notre personnel"},"content":{"rendered":"<div class=\"wpb-content-wrapper\"><div class=\"vc_row wpb_row vc_row-fluid\"><div class=\"wpb_column vc_column_container vc_col-sm-12\"><div class=\"vc_column-inner\"><div class=\"wpb_wrapper\">\n\t<div  class=\"wpb_single_image wpb_content_element vc_align_center wpb_content_element\">\n\t\t\n\t\t<figure class=\"wpb_wrapper vc_figure\">\n\t\t\t<div class=\"vc_single_image-wrapper   vc_box_border_grey\"><img fetchpriority=\"high\" decoding=\"async\" width=\"1200\" height=\"400\" src=\"https:\/\/skijumpingcanada.com\/wp-content\/uploads\/2025\/10\/Untitled-design-6.png\" class=\"vc_single_image-img attachment-full\" alt=\"\" title=\"Untitled design (6)\" srcset=\"https:\/\/skijumpingcanada.com\/wp-content\/uploads\/2025\/10\/Untitled-design-6.png 1200w, https:\/\/skijumpingcanada.com\/wp-content\/uploads\/2025\/10\/Untitled-design-6-300x100.png 300w, https:\/\/skijumpingcanada.com\/wp-content\/uploads\/2025\/10\/Untitled-design-6-1024x341.png 1024w, https:\/\/skijumpingcanada.com\/wp-content\/uploads\/2025\/10\/Untitled-design-6-768x256.png 768w\" sizes=\"(max-width: 1200px) 100vw, 1200px\" \/><\/div>\n\t\t<\/figure>\n\t<\/div>\n<div class=\"vc_separator wpb_content_element vc_separator_align_center vc_sep_width_100 vc_sep_pos_align_center vc_separator_no_text vc_sep_color_grey wpb_content_element  wpb_content_element\" ><span class=\"vc_sep_holder vc_sep_holder_l\"><span class=\"vc_sep_line\"><\/span><\/span><span class=\"vc_sep_holder vc_sep_holder_r\"><span class=\"vc_sep_line\"><\/span><\/span>\n<\/div>\n\t<div class=\"wpb_text_column wpb_content_element\" >\n\t\t<div class=\"wpb_wrapper\">\n\t\t\t<h4 style=\"text-align: center\">Membres du personnel\/Entra\u00eeneurs<\/h4>\n<p><strong>Drew Edwards,<\/strong> Gestionnaire g\u00e9n\u00e9ral<\/p>\n<p><strong>Todd Stretch,<\/strong> Directeur &#8211; Haute performance<\/p>\n<p><span style=\"font-family: Raleway\"><strong>Janko Zwitter,<\/strong> Entra\u00eeneure-chef &#8211; Femmes<\/span><\/p>\n<p><span style=\"color: black;font-family: Raleway\"><strong>Uros Balki Vrhovec,<\/strong> Entra\u00eeneur-chef &#8211; Hommes<\/span><\/p>\n<p><span style=\"font-family: Raleway\"><strong>Igor Cuznar,<\/strong> Entra\u00eeneur adjoint<\/span><\/p>\n<p><span style=\"font-family: Raleway\"><strong>Urban Jarc,<\/strong> Entra\u00eeneur adjoint<\/span><\/p>\n<h4 style=\"text-align: center\">Conseil d&#8217;administration<\/h4>\n<p><strong>Mike Bodnarchuk,<\/strong> Co-pr\u00e9sident du conseil d&#8217;administration<\/p>\n<p><strong>Kelly Johansson,<\/strong> Co-pr\u00e9sidente du conseil d&#8217;administration<\/p>\n<p><strong>Tracy McKay,<\/strong> Vice-Chair<\/p>\n<p><strong>Ashley Winters,<\/strong> Tr\u00e9sori\u00e8re<\/p>\n<p><strong>Melissa Aragon,<\/strong> Secr\u00e9taire<\/p>\n<p><strong>Julie Beaulieu,<\/strong> Directrice<\/p>\n<p><strong>James Neale,<\/strong> Directeur<\/p>\n<p><strong>Kerry Moynihan,<\/strong> Directrice<\/p>\n<p><strong>Matthew Soukup,<\/strong> Directeur &#8211; Athl\u00e8tes<\/p>\n<p><strong>Taylor Henrich,<\/strong> Directrice &#8211; Athl\u00e8tes<\/p>\n\n\t\t<\/div>\n\t<\/div>\n<\/div><\/div><\/div><\/div>\n<\/div>","protected":false},"excerpt":{"rendered":"Membres du personnel\/Entra\u00eeneurs Drew Edwards, Gestionnaire g\u00e9n\u00e9ral Todd Stretch, Directeur - Haute performance Janko Zwitter, Entra\u00eeneure-chef - Femmes Uros Balki Vrhovec, Entra\u00eeneur-chef - Hommes Igor Cuznar, Entra\u00eeneur adjoint Urban Jarc, [...]","protected":false},"author":6,"featured_media":0,"parent":0,"menu_order":0,"comment_status":"closed","ping_status":"closed","template":"","meta":{"footnotes":""},"class_list":["post-8453","page","type-page","status-publish"],"_links":{"self":[{"href":"https:\/\/skijumpingcanada.com\/fr\/wp-json\/wp\/v2\/page\/8453","targetHints":{"allow":["GET"]}}],"collection":[{"href":"https:\/\/skijumpingcanada.com\/fr\/wp-json\/wp\/v2\/page"}],"about":[{"href":"https:\/\/skijumpingcanada.com\/fr\/wp-json\/wp\/v2\/types\/page"}],"author":[{"embeddable":true,"href":"https:\/\/skijumpingcanada.com\/fr\/wp-json\/wp\/v2\/users\/6"}],"replies":[{"embeddable":true,"href":"https:\/\/skijumpingcanada.com\/fr\/wp-json\/wp\/v2\/comments?post=8453"}],"version-history":[{"count":4,"href":"https:\/\/skijumpingcanada.com\/fr\/wp-json\/wp\/v2\/page\/8453\/revisions"}],"predecessor-version":[{"id":8460,"href":"https:\/\/skijumpingcanada.com\/fr\/wp-json\/wp\/v2\/page\/8453\/revisions\/8460"}],"wp:attachment":[{"href":"https:\/\/skijumpingcanada.com\/fr\/wp-json\/wp\/v2\/media?parent=8453"}],"curies":[{"name":"wp","href":"https:\/\/api.w.org\/{rel}","templated":true}]}}