{"id":8461,"date":"2025-10-23T15:55:58","date_gmt":"2025-10-23T15:55:58","guid":{"rendered":"https:\/\/skijumpingcanada.com\/gouvernance-de-saut-a-ski-canada\/"},"modified":"2025-10-23T15:55:59","modified_gmt":"2025-10-23T15:55:59","slug":"gouvernance-de-saut-a-ski-canada","status":"publish","type":"page","link":"https:\/\/skijumpingcanada.com\/fr\/gouvernance-de-saut-a-ski-canada\/","title":{"rendered":"Gouvernance de Saut \u00e0 Ski Canada"},"content":{"rendered":"<div class=\"wpb-content-wrapper\"><div class=\"vc_row wpb_row vc_row-fluid\"><div class=\"wpb_column vc_column_container vc_col-sm-12\"><div class=\"vc_column-inner\"><div class=\"wpb_wrapper\">\n\t<div class=\"wpb_text_column wpb_content_element\" >\n\t\t<div class=\"wpb_wrapper\">\n\t\t\t<p>\n<table id=\"tablepress-1\" class=\"tablepress tablepress-id-1\">\n<thead>\n<tr class=\"row-1\">\n\t<th class=\"column-1\"><strong>Ski Jumping Canada Policies | Politiques de Saut \u00e0 Ski Canada<\/strong><\/th><th class=\"column-2\"><strong>English <\/strong><\/th><th class=\"column-3\"><strong>French <\/strong><\/th>\n<\/tr>\n<\/thead>\n<tbody class=\"row-striping row-hover\">\n<tr class=\"row-2\">\n\t<td class=\"column-1\">Anti Doping | Lutte contre le dopage<\/td><td class=\"column-2\"><a href=\"http:\/\/skijumpingcanada.com\/wp-content\/uploads\/2021\/10\/SJC-anti-doping.pdf\">PDF<\/a><\/td><td class=\"column-3\"><a href=\"https:\/\/drive.google.com\/file\/d\/10Tw1RXrfZh3hWzioJ43_QUwU5NOAsUYR\/view?usp=sharing\">PDF<\/a><\/td>\n<\/tr>\n<tr class=\"row-3\">\n\t<td class=\"column-1\">Appeal Policy 2025 | Politique d'appel 2025<\/td><td class=\"column-2\"><a href=\"http:\/\/skijumpingcanada.com\/wp-content\/uploads\/2025\/05\/SJC-Appeal-Policy-Final-2025.pdf\">PDF<\/a><\/td><td class=\"column-3\"><a href=\"https:\/\/drive.google.com\/file\/d\/1dgVMnsBEEICNAC-HzbXtHRw-v9_QGMdi\/view?usp=sharing\">PDF<\/a><\/td>\n<\/tr>\n<tr class=\"row-4\">\n\t<td class=\"column-1\">Athlete Agreement 2025\/2026 | Accord de l'athl\u00e8te 2025\/2026<\/td><td class=\"column-2\">2026-2027 Awaiting Approval<\/td><td class=\"column-3\">2026-2027 En attente d'approbation<\/td>\n<\/tr>\n<tr class=\"row-5\">\n\t<td class=\"column-1\">Cannabis Policy - Alberta | Politique sur le cannabis - Alberta<\/td><td class=\"column-2\"><a href=\"http:\/\/skijumpingcanada.com\/wp-content\/uploads\/2022\/01\/Cannabis-Policy-Alberta.pdf\">PDF<\/a><\/td><td class=\"column-3\"><a href=\"http:\/\/skijumpingcanada.com\/wp-content\/uploads\/2022\/01\/6.B.-Cannabis-Policy-Alberta.pdf\">PDF<\/a><\/td>\n<\/tr>\n<tr class=\"row-6\">\n\t<td class=\"column-1\">Code of Conduct and Ethics | Code de conduite et d'\u00e9thique<\/td><td class=\"column-2\"><a href=\"http:\/\/skijumpingcanada.com\/wp-content\/uploads\/2023\/01\/SJC-Code-of-Conduct-UCCMS-Final-2023.pdf\">PDF<\/a><\/td><td class=\"column-3\"><a href=\"http:\/\/skijumpingcanada.com\/wp-content\/uploads\/2023\/01\/Code-de-conduite-et-deethique-SJC-2023.pdf\" rel=\"noopener\" target=\"_blank\">PDF<\/a><\/td>\n<\/tr>\n<tr class=\"row-7\">\n\t<td class=\"column-1\">Concussion-Protocol | Protocole de commotion c\u00e9r\u00e9brale<\/td><td class=\"column-2\"><a href=\"http:\/\/skijumpingcanada.com\/wp-content\/uploads\/2021\/10\/Concussion-Protocol-2021.pdf\">PDF<\/a><\/td><td class=\"column-3\"><a href=\"http:\/\/skijumpingcanada.com\/wp-content\/uploads\/2022\/05\/Translated-Concussion-Protocol-2021-FR-Final.pdf\">PDF<\/a><\/td>\n<\/tr>\n<tr class=\"row-8\">\n\t<td class=\"column-1\">Confidentiality 2025 | Confidentialit\u00e9 2025<\/td><td class=\"column-2\"><a href=\"http:\/\/skijumpingcanada.com\/wp-content\/uploads\/2025\/03\/Confidentiality-Policy-2025-Approved.pdf\" target=\"_blank\">PDF<\/a><\/td><td class=\"column-3\"><a href=\"https:\/\/drive.google.com\/file\/d\/1UwRGr1qz8nttxZa-676BnPVaNfCaLwJh\/view?usp=sharing\">PDF<\/a><\/td>\n<\/tr>\n<tr class=\"row-9\">\n\t<td class=\"column-1\">Conflict of Interest Policy | Politique sur les conflits d'int\u00e9r\u00eats<\/td><td class=\"column-2\"><a href=\"http:\/\/skijumpingcanada.com\/wp-content\/uploads\/2021\/10\/Conflict-of-Interest-Policy-2021.pdf\">PDF<\/a><\/td><td class=\"column-3\"><a href=\"http:\/\/skijumpingcanada.com\/wp-content\/uploads\/2022\/04\/POLITIQUE-EN-MATIERE-DE-CONFLITS-DINTERETS.pdf\" rel=\"noopener\" target=\"_blank\">PDF<\/a><\/td>\n<\/tr>\n<tr class=\"row-10\">\n\t<td class=\"column-1\">Discipline and Complaints | Discipline et plaintes<\/td><td class=\"column-2\"><a href=\"http:\/\/skijumpingcanada.com\/wp-content\/uploads\/2023\/01\/SJC-Discipline-and-Complaints-UCCMS-Final-2023.pdf\" rel=\"noopener\" target=\"_blank\">PDF<\/a><\/td><td class=\"column-3\"><a href=\"http:\/\/skijumpingcanada.com\/wp-content\/uploads\/2023\/01\/Politique-en-matieEre-de-disci-pline-et-de-plaintes-SJC-2023.pdf\" rel=\"noopener\" target=\"_blank\">PDF<\/a><\/td>\n<\/tr>\n<tr class=\"row-11\">\n\t<td class=\"column-1\">Diversity Equity and Inclusion 2025 | Diversit\u00e9, \u00e9quit\u00e9 et inclusion 2025<\/td><td class=\"column-2\"><a href=\"http:\/\/skijumpingcanada.com\/wp-content\/uploads\/2025\/03\/Diversity-Equity-Inclusion-Policy-2025-approved.pdf\" target=\"_blank\">PDF<\/a><\/td><td class=\"column-3\"><a href=\"http:\/\/skijumpingcanada.com\/wp-content\/uploads\/2025\/09\/Policy-Politique-DEI-2025-Saut-a-Ski-Canada-FR.docx.pdf\">PDF<\/a><\/td>\n<\/tr>\n<tr class=\"row-12\">\n\t<td class=\"column-1\">Nominating Committee Policy and Procedures | Politique et proc\u00e9dures du comit\u00e9 de nomination<\/td><td class=\"column-2\"><a href=\"http:\/\/skijumpingcanada.com\/wp-content\/uploads\/2021\/10\/Nominating-Committee-Policy-and-Procedures-2021.pdf\">PDF<\/a><\/td><td class=\"column-3\"><a href=\"http:\/\/skijumpingcanada.com\/wp-content\/uploads\/2022\/04\/Politiques-et-Proceidures-du-Comitei-de-Nomination-SJC.pdf\" rel=\"noopener\" target=\"_blank\">PDF<\/a><\/td>\n<\/tr>\n<tr class=\"row-13\">\n\t<td class=\"column-1\">Official Languages | Langues officielles<\/td><td class=\"column-2\"><a href=\"http:\/\/skijumpingcanada.com\/wp-content\/uploads\/2021\/10\/languages.pdf\">PDF<\/a><\/td><td class=\"column-3\"><a href=\"http:\/\/skijumpingcanada.com\/wp-content\/uploads\/2022\/04\/Politique-sur-les-Langues-Officielles-SJC.pdf\" rel=\"noopener\" target=\"_blank\">PDF<\/a><\/td>\n<\/tr>\n<tr class=\"row-14\">\n\t<td class=\"column-1\">Privacy | Confidentialit\u00e9<\/td><td class=\"column-2\"><a href=\"http:\/\/skijumpingcanada.com\/wp-content\/uploads\/2021\/10\/Privacy.pdf\">PDF<\/a><\/td><td class=\"column-3\"><a href=\"http:\/\/skijumpingcanada.com\/wp-content\/uploads\/2022\/04\/Politique-de-confidentialitei-SJC.pdf\" rel=\"noopener\" target=\"_blank\">PDF<\/a><\/td>\n<\/tr>\n<tr class=\"row-15\">\n\t<td class=\"column-1\">Risk Management 2025 | Gestion des risques 2025<\/td><td class=\"column-2\"><a href=\"http:\/\/skijumpingcanada.com\/wp-content\/uploads\/2025\/03\/Risk-Management-Policy-2025-Approved.pdf\">PDF<\/a><\/td><td class=\"column-3\"><a href=\"https:\/\/drive.google.com\/file\/d\/13Mc11P3rXpOaOcNAsKQ9ki6Eu7AlD4c1\/view?usp=drive_link\">PDF<\/a><\/td>\n<\/tr>\n<tr class=\"row-16\">\n\t<td class=\"column-1\">Risk Matrix | Matrice des risques <\/td><td class=\"column-2\">2026-2027 Awaiting Approval<\/td><td class=\"column-3\">2026-2027 En attente d'approbation<\/td>\n<\/tr>\n<tr class=\"row-17\">\n\t<td class=\"column-1\">SJC Screening Policy | Politique de filtrage du CSJ<\/td><td class=\"column-2\"><a href=\"http:\/\/skijumpingcanada.com\/wp-content\/uploads\/2023\/01\/SJC-Screening-policy-Final-.pdf\">PDF<\/a><\/td><td class=\"column-3\"><a href=\"https:\/\/drive.google.com\/file\/d\/14OdDyrdjYXZlZ7EP_12fB3LBBaqJ1IHE\/view?usp=drive_link\">PDF<\/a><\/td>\n<\/tr>\n<tr class=\"row-18\">\n\t<td class=\"column-1\">Selection Criteria, Nomination and Announcement | Crit\u00e8res de s\u00e9lection, nomination et annonce<\/td><td class=\"column-2\">2026-2027 Awaiting Approval<\/td><td class=\"column-3\">2026-2027 En attente d'approbation<\/td>\n<\/tr>\n<tr class=\"row-19\">\n\t<td class=\"column-1\">Universal Code of Conduct to Prevent and Address Maltreatment in Sport (UCCMS) 6.0 | Code universel de conduite pour pr\u00e9venir et traiter la maltraitance dans le sport (CUCMS) 6.0<\/td><td class=\"column-2\"><a href=\"http:\/\/skijumpingcanada.com\/wp-content\/uploads\/2023\/01\/UCCMS-v6.0-20220531.pdf\">PDF<\/a><\/td><td class=\"column-3\"><a href=\"http:\/\/skijumpingcanada.com\/wp-content\/uploads\/2023\/01\/CCUMS-v6.0-20220531.pdf\" rel=\"noopener\" target=\"_blank\">PDF<\/a><\/td>\n<\/tr>\n<\/tbody>\n<\/table>\n<!-- #tablepress-1 from cache --><br \/>\n\n<table id=\"tablepress-2\" class=\"tablepress tablepress-id-2\">\n<thead>\n<tr class=\"row-1\">\n\t<th class=\"column-1\"><strong>Committee Terms of Reference | Termes de r\u00e9f\u00e9rence<\/strong><\/th><th class=\"column-2\"><strong>English <\/strong><\/th><th class=\"column-3\"><strong>French<\/strong><\/th>\n<\/tr>\n<\/thead>\n<tbody class=\"row-striping row-hover\">\n<tr class=\"row-2\">\n\t<td class=\"column-1\">Finance Committee 2025 | Comit\u00e9 des finances 2025<\/td><td class=\"column-2\"><a href=\"http:\/\/skijumpingcanada.com\/wp-content\/uploads\/2025\/03\/TOR-Finance-Committee-2025-Approved.pdf\" target=\"_blank\"><\/a><a href=\"http:\/\/skijumpingcanada.com\/wp-content\/uploads\/2025\/03\/TOR-Finance-Committee-2025-Approved.pdf\" target=\"_blank\">PDF<\/a><a <\/td><td class=\"column-3\"><a href=\"https:\/\/drive.google.com\/file\/d\/1av8vcWBGBnkiJtsaRT0wDXU6osBvwIFA\/view?usp=sharing\">PDF<\/a><a <\/td>\n<\/tr>\n<tr class=\"row-3\">\n\t<td class=\"column-1\">High Performance Committee 2025 | Comit\u00e9 de haute performance 2025<\/td><td class=\"column-2\"><a href=\"http:\/\/skijumpingcanada.com\/wp-content\/uploads\/2025\/03\/High-Performance-Athlete-Committee-Terms-of-Reference-Board-approved-1.pdf\" target=\"_blank\">PDF<\/a><\/td><td class=\"column-3\">En traduction<\/td>\n<\/tr>\n<tr class=\"row-4\">\n\t<td class=\"column-1\">Governance Committee 2025 | Comit\u00e9 de gouvernance 2025.<\/td><td class=\"column-2\"><a href=\"http:\/\/skijumpingcanada.com\/wp-content\/uploads\/2025\/03\/TOR-Governance-Committee-2025-Approved.pdf\" target=\"_blank\">PDF<\/a><\/td><td class=\"column-3\"><a href=\"https:\/\/drive.google.com\/file\/d\/1rtQio9v_u8Nq_ZSdipYyO-bN8qKw5Qhv\/view?usp=sharing\">PDF<\/a><a<\/td>\n<\/tr>\n<tr class=\"row-5\">\n\t<td class=\"column-1\">Nominations Committee 2025 | Comit\u00e9 des nominations 2025<\/td><td class=\"column-2\"><a href=\"http:\/\/skijumpingcanada.com\/wp-content\/uploads\/2025\/03\/TOR-Nominations-Committee-2025-Approved.pdf\" target=\"_blank\">PDF<\/a><\/td><td class=\"column-3\"><a href=\"https:\/\/drive.google.com\/file\/d\/1kxX3j1PuVi4FeU71e6QG7FzzH3l9XVlp\/view?usp=sharing\">PDF<\/a><a<\/td>\n<\/tr>\n<tr class=\"row-6\">\n\t<td class=\"column-1\">Diversity, Equity and Inclusion 2025 | Diversit\u00e9, \u00e9quit\u00e9 et inclusion<\/td><td class=\"column-2\"><a href=\"http:\/\/skijumpingcanada.com\/wp-content\/uploads\/2025\/05\/2025-SJC-DEI-TOR-Approved.pdf\">PDF<\/a><\/td><td class=\"column-3\"><a href=\"http:\/\/skijumpingcanada.com\/wp-content\/uploads\/2025\/09\/TOR-Mandat-Comite-DEI-2025-Saut-a-Ski-Canada-FR.docx.pdf\">PDF<\/a><\/td>\n<\/tr>\n<\/tbody>\n<\/table>\n<!-- #tablepress-2 from cache --><br \/>\n\n<table id=\"tablepress-3\" class=\"tablepress tablepress-id-3\">\n<thead>\n<tr class=\"row-1\">\n\t<th class=\"column-1\">Governance &amp; Bylaws  | Gouvernance et r\u00e8glements<\/th><th class=\"column-2\">English <\/th><th class=\"column-3\">French <\/th>\n<\/tr>\n<\/thead>\n<tbody class=\"row-striping row-hover\">\n<tr class=\"row-2\">\n\t<td class=\"column-1\">Bylaws | R\u00e8glements<\/td><td class=\"column-2\"><a href=\"http:\/\/skijumpingcanada.com\/wp-content\/uploads\/2025\/05\/Ski-Jumping-Canada-Bylaws-2025-Final.pdf\" rel=\"noopener\" target=\"_blank\">PDF<\/a><\/td><td class=\"column-3\"><a href=\"https:\/\/drive.google.com\/file\/d\/1pYZlihhtX7_50crS4DJvLcMVr5gzP53A\/view?usp=sharing\">PDF<\/a><\/td>\n<\/tr>\n<tr class=\"row-3\">\n\t<td class=\"column-1\">Chair-Position Description | Description du poste - Pr\u00e9sident(e)<\/td><td class=\"column-2\"><a href=\"http:\/\/skijumpingcanada.com\/wp-content\/uploads\/2025\/05\/Chair-Position-Description-SJC-2025-Approved.pdf\" target=\"_blank\">PDF<\/a><\/td><td class=\"column-3\"><a href=\"https:\/\/drive.google.com\/file\/d\/1-uj56gIynZhr1d5m9Xf91ISNYggLkBoG\/view?usp=sharing\">PDF<\/a><\/td>\n<\/tr>\n<tr class=\"row-4\">\n\t<td class=\"column-1\">Vice-Chair Position Description | Description du poste - Vice-pr\u00e9sident(e)<\/td><td class=\"column-2\"><a href=\"http:\/\/skijumpingcanada.com\/wp-content\/uploads\/2025\/05\/Vice-Chair-Position-Description-SJC-2025-Approved.pdf\" target=\"_blank\">PDF<\/a><\/td><td class=\"column-3\"><a href=\"https:\/\/drive.google.com\/file\/d\/147ZbOsxgeVLIbCOdvdj9NoIxHx3Qjisx\/view?usp=sharing\">PDF<\/a><\/td>\n<\/tr>\n<tr class=\"row-5\">\n\t<td class=\"column-1\">Treasurer - Position Description | Description de poste -Tr\u00e9sorier<\/td><td class=\"column-2\"><a href=\"http:\/\/skijumpingcanada.com\/wp-content\/uploads\/2025\/05\/Treasurer-Position-Description-SJC-2025-Approved.pdf\" target=\"_blank\">PDF<\/a><\/td><td class=\"column-3\"><a href=\"https:\/\/drive.google.com\/file\/d\/1u6jPK6F0fyARJkgAvcn6eQJOTW_4GZEY\/view?usp=sharing\">PDF<\/a><\/td>\n<\/tr>\n<tr class=\"row-6\">\n\t<td class=\"column-1\">Secretary - Position Description | Description de poste - Secr\u00e9taire<\/td><td class=\"column-2\"><a href=\"http:\/\/skijumpingcanada.com\/wp-content\/uploads\/2025\/05\/Secretary-Position-Description-SJC-2025-Approved.pdf\" target=\"_blank\">PDF<\/a><\/td><td class=\"column-3\"><a href=\"https:\/\/drive.google.com\/file\/d\/1LPPgkTBFSQFkK81I3auxVXNc24l2iCJ9\/view?usp=sharing\">PDF<\/a><\/td>\n<\/tr>\n<tr class=\"row-7\">\n\t<td class=\"column-1\">Board Member Position Description | Description du poste de membre du conseil d'administration<\/td><td class=\"column-2\"><a href=\"http:\/\/skijumpingcanada.com\/wp-content\/uploads\/2025\/05\/Board-Member-Position-Description-SJC-2025-Approved.pdf\" target=\"_blank\">PDF<\/a><\/td><td class=\"column-3\"><a href=\"https:\/\/drive.google.com\/file\/d\/1p1JZHSMMa3-g-WtASVcM-HKU0GlB2JeJ\/view?usp=sharing\">PDF<\/a><\/td>\n<\/tr>\n<tr class=\"row-8\">\n\t<td class=\"column-1\">Authorization Matrix | Matrice d'autorisation<\/td><td class=\"column-2\"><a href=\"https:\/\/drive.google.com\/file\/d\/1LCj2rGhlHm6do60gfRV4TPE4iP20mZrb\/view?usp=sharing\">PDF<\/a><\/td><td class=\"column-3\"><a href=\"https:\/\/drive.google.com\/file\/d\/1dQAkP8noxENgeJaQvMlXhIfYt9jZ0A2W\/view?usp=sharing\">PDF<\/a><\/td>\n<\/tr>\n<tr class=\"row-9\">\n\t<td class=\"column-1\">Eligibility and Determination Policy | Politique d'admissibilit\u00e9 et de d\u00e9termination<\/td><td class=\"column-2\"><a href=\"http:\/\/skijumpingcanada.com\/wp-content\/uploads\/2025\/05\/Board-Eligibility-and-Determination-Policy-SJC-2025-Approved-1.pdf\">PDF<\/a><\/td><td class=\"column-3\"><a href=\"https:\/\/drive.google.com\/file\/d\/1-h6QbH2WO8lKCUTHJSVbrqAtlnVHQBDF\/view?usp=sharing\">PDF<\/a><\/td>\n<\/tr>\n<tr class=\"row-10\">\n\t<td class=\"column-1\">Board Orientation Framework | Cadre d'orientation du conseil d'administration<\/td><td class=\"column-2\"><a href=\"http:\/\/skijumpingcanada.com\/wp-content\/uploads\/2025\/05\/Board-Orientation-Framework-SJC.-MAY-2025-Approved.pdf\" target=\"_blank\">PDF<\/a><\/td><td class=\"column-3\"><a href=\"https:\/\/drive.google.com\/file\/d\/1D9WaeZAbjRz-tg_SKZ-_jMl-pnDxtAgY\/view?usp=sharing\">PDF<\/a><\/td>\n<\/tr>\n<tr class=\"row-11\">\n\t<td class=\"column-1\">Director Compliance Agreement | Accord de conformit\u00e9 du directeur<\/td><td class=\"column-2\"><a href=\"http:\/\/skijumpingcanada.com\/wp-content\/uploads\/2025\/05\/Director-Compliance-Agreement-SJC-2025-Approved-May-2025.pdf\">PDF<\/a><\/td><td class=\"column-3\"><a href=\"https:\/\/drive.google.com\/file\/d\/1uku-n1EqnnIDjilGGy5FRZrwJIRcsMg-\/view?usp=sharing\">PDF<\/a><\/td>\n<\/tr>\n<tr class=\"row-12\">\n\t<td class=\"column-1\">Director's Screening Questionnaire | Formulaire de divulgation du directeur<\/td><td class=\"column-2\"><a href=\"http:\/\/skijumpingcanada.com\/wp-content\/uploads\/2025\/09\/Screening-Questionnaire-Disclosure-Form-board-SJC-2025-Approved.pdf\">PDF<\/a><\/td><td class=\"column-3\"><a href=\"https:\/\/drive.google.com\/file\/d\/1ZTNH26kcKDINr6_VOjQ-LSidqIp2NXWq\/view?usp=sharing\">PDF<\/a><\/td>\n<\/tr>\n<\/tbody>\n<\/table>\n<!-- #tablepress-3 from cache --><br \/>\n\n<table id=\"tablepress-4\" class=\"tablepress tablepress-id-4\">\n<thead>\n<tr class=\"row-1\">\n\t<th class=\"column-1\">AGM Minutes | Proc\u00e8s-verbal de l'AGA<\/th><th class=\"column-2\">English <\/th><th class=\"column-3\">French <\/th>\n<\/tr>\n<\/thead>\n<tbody class=\"row-striping row-hover\">\n<tr class=\"row-2\">\n\t<td class=\"column-1\">2023 Minutes | Proc\u00e8s-verbal 2023<\/td><td class=\"column-2\"><a href=\"http:\/\/skijumpingcanada.com\/wp-content\/uploads\/2025\/05\/SJC-AGM-Minutes-June-27-2023.pdf\" rel=\"noopener\" target=\"_blank\">PDF<\/a><\/td><td class=\"column-3\">En traduction<\/td>\n<\/tr>\n<tr class=\"row-3\">\n\t<td class=\"column-1\">2024 Minutes | Proc\u00e8s-verbal 2024<\/td><td class=\"column-2\"><a href=\"http:\/\/skijumpingcanada.com\/wp-content\/uploads\/2025\/07\/SJC-AGM-Minutes-June-24-2024.pdf\" target=\"_blank\">PDF<\/a><\/td><td class=\"column-3\">En traduction<\/td>\n<\/tr>\n<\/tbody>\n<\/table>\n<!-- #tablepress-4 from cache --><br \/>\n\n<table id=\"tablepress-5\" class=\"tablepress tablepress-id-5\">\n<thead>\n<tr class=\"row-1\">\n\t<th class=\"column-1\">Audited Financials | Finances v\u00e9rifi\u00e9s<\/th><th class=\"column-2\">English <\/th>\n<\/tr>\n<\/thead>\n<tbody class=\"row-striping row-hover\">\n<tr class=\"row-2\">\n\t<td class=\"column-1\">Year Ended March 31, 2025<\/td><td class=\"column-2\"><a href=\"https:\/\/skijumpingcanada.com\/wp-content\/uploads\/2025\/10\/Ski-Jumping-Canada-March-2025-FS-final-1.pdf\">PDF<\/a><\/td>\n<\/tr>\n<tr class=\"row-3\">\n\t<td class=\"column-1\">Year Ended March 31, 2024<\/td><td class=\"column-2\"><a href=\"https:\/\/skijumpingcanada.com\/wp-content\/uploads\/2025\/05\/Ski-Jumping-Canada-March-2024-FS-final-signed.pdf\"_blank\">PDF<\/a><\/td>\n<\/tr>\n<tr class=\"row-4\">\n\t<td class=\"column-1\">Year Ended March 31, 2023<\/td><td class=\"column-2\"><a href=\"https:\/\/skijumpingcanada.com\/wp-content\/uploads\/2025\/05\/Ski-Jumping-Canada-March-2023-FS-final.pdf\">PDF<\/a><\/td>\n<\/tr>\n<tr class=\"row-5\">\n\t<td class=\"column-1\">Year Ended March 31, 2022<\/td><td class=\"column-2\"><a href=\"https:\/\/skijumpingcanada.com\/wp-content\/uploads\/2025\/05\/Ski-Jumping-Canada-March-2022-FS.pdf\">PDF<\/a><\/td>\n<\/tr>\n<\/tbody>\n<\/table>\n<!-- #tablepress-5 from cache --><br \/>\n\n<table id=\"tablepress-6\" class=\"tablepress tablepress-id-6\">\n<thead>\n<tr class=\"row-1\">\n\t<th class=\"column-1\">Strategic Plan | Plan strat\u00e9gique<\/th><th class=\"column-2\">English <\/th><th class=\"column-3\">French <\/th>\n<\/tr>\n<\/thead>\n<tbody class=\"row-striping row-hover\">\n<tr class=\"row-2\">\n\t<td class=\"column-1\">Strategic Themes 2025-2030 | Th\u00e8mes strat\u00e9giques<\/td><td class=\"column-2\"><a href=\"https:\/\/drive.google.com\/file\/d\/1B8NcDc-lNkplHEWsUOqXhhOUDiYLaMZC\/view?usp=sharing\">PDF<\/a><\/td><td class=\"column-3\"><a href=\"https:\/\/drive.google.com\/file\/d\/19XvVurVDy1eqtFZyutAAskaD5hQeE50L\/view?usp=sharing\">PDF<\/a><\/td>\n<\/tr>\n<tr class=\"row-3\">\n\t<td class=\"column-1\">Strategic Plan 2025-2030 | Plan strat\u00e9gique 2025-2030<\/td><td class=\"column-2\"><a href=\"https:\/\/skijumpingcanada.com\/wp-content\/uploads\/2025\/04\/1.1-Ski-Jumping-Canada-StrategicPlan-2025-2030.pdf\">PDF<\/a><\/td><td class=\"column-3\"><a href=\"https:\/\/drive.google.com\/file\/d\/1eLehRQNBhUQewFzzLSS8vJ27KSRWCBed\/view?usp=sharing\">PDF<\/a><\/td>\n<\/tr>\n<\/tbody>\n<\/table>\n<!-- #tablepress-6 from cache --><br \/>\n\n<table id=\"tablepress-7\" class=\"tablepress tablepress-id-7\">\n<thead>\n<tr class=\"row-1\">\n\t<th class=\"column-1\">Concussion Documents | Documents de commotions c\u00e9r\u00e9brales<\/th><th class=\"column-2\">English <\/th><th class=\"column-3\">French <\/th>\n<\/tr>\n<\/thead>\n<tbody class=\"row-striping row-hover\">\n<tr class=\"row-2\">\n\t<td class=\"column-1\">Ski Jumping and Nordic Combined Specific Return-to-Sport Strategy | Saut Ski Et Combin\u00e9 Nordique Sp\u00e9cifique Strat\u00e9gies Retour \u00c0 Sport <\/td><td class=\"column-2\"><a href=\"https:\/\/skijumpingcanada.com\/wp-content\/uploads\/2014\/10\/Ski-Jumping-and-Nordic-Combined-Specific-Return-to-Sport-Strategy.pdf\">PDF<\/a><\/td><td class=\"column-3\"><a href=\"https:\/\/skijumpingcanada.com\/wp-content\/uploads\/2014\/10\/Ski-Jumping-and-Nordic-Combined-Specific-Return-to-Sport-Strategy-FR.pdf\">PDF<\/a><\/td>\n<\/tr>\n<tr class=\"row-3\">\n\t<td class=\"column-1\">Pre-Season Concussion Education Sheet | Fiche\t  \u00e9ducative transmise avant le d\u00e9but de la saison<\/td><td class=\"column-2\"><a href=\"https:\/\/parachute.ca\/wp-content\/uploads\/2019\/06\/Pre-Season-Concussion-Education-Sheet.pdf\">PDF<\/a><\/td><td class=\"column-3\"><a href=\"https:\/\/parachute.ca\/wp-content\/uploads\/2019\/06\/Fiche-Educative_Parachute.pdf\">PDF<\/a><\/td>\n<\/tr>\n<tr class=\"row-4\">\n\t<td class=\"column-1\">Medical Assessment Letter | Lettre confirmant la diagnostic m\u00e9dical<\/td><td class=\"column-2\"><a href=\"https:\/\/parachute.ca\/wp-content\/uploads\/2019\/09\/Medical-Assessment-Letter.pdf\">PDF<\/a><\/td><td class=\"column-3\"><\/td>\n<\/tr>\n<tr class=\"row-5\">\n\t<td class=\"column-1\">Medical Clearance Letter | Lettre d'autorisation m\u00e9dicale<\/td><td class=\"column-2\"><a href=\"https:\/\/parachute.ca\/wp-content\/uploads\/2019\/06\/Medical-Clearance-Letter.pdf\">PDF<\/a><\/td><td class=\"column-3\"><\/td>\n<\/tr>\n<tr class=\"row-6\">\n\t<td class=\"column-1\">Concussion Recognition Tool 6 (CRT6) | Outil d'identification des commotions c\u00e9r\u00e9brales 6 (CRT6)<\/td><td class=\"column-2\"><a href=\"https:\/\/bjsm.bmj.com\/content\/bjsports\/57\/11\/692.full.pdf\">PDF<\/a><\/td><td class=\"column-3\"><a href=\"https:\/\/www.concussioninsportgroup.com\/wp-content\/uploads\/2024\/06\/CRT6-French.pdf\">PDF<\/a><\/td>\n<\/tr>\n<tr class=\"row-7\">\n\t<td class=\"column-1\">Sport Concussion Assessment Tool 6 (SCAT6) | Outil d'\u00e9valuation d'une commotion c\u00e9r\u00e9brale dans le sport 6 (SCAT6)<\/td><td class=\"column-2\"><a href=\"https:\/\/cisgstg.wpengine.com\/wp-content\/uploads\/2023\/07\/SCAT6-v7.pdf\">PDF<\/a><\/td><td class=\"column-3\"><a href=\"https:\/\/www.concussioninsportgroup.com\/wp-content\/uploads\/2024\/06\/SCAT6-23JUIN.pdf\">PDF<\/a><\/td>\n<\/tr>\n<tr class=\"row-8\">\n\t<td class=\"column-1\">Child Sport Concussion Assessment Tool 6 (Child SCAT6) | Outil d'\u00e9valuation d'une commotion c\u00e9r\u00e9brale dans le sport 6 pour enfants (SCAT6 pour enfants)<\/td><td class=\"column-2\"><a href=\"https:\/\/cisgstg.wpengine.com\/wp-content\/uploads\/2023\/07\/Child-SCAT6-v5.pdf\">PDF<\/a><\/td><td class=\"column-3\"><a href=\"https:\/\/www.concussioninsportgroup.com\/wp-content\/uploads\/2024\/06\/Child-SCAT6-23-JUIN.pdf\">PDF<\/a><\/td>\n<\/tr>\n<\/tbody>\n<\/table>\n<!-- #tablepress-7 from cache --><br \/>\n\n<table id=\"tablepress-8\" class=\"tablepress tablepress-id-8\">\n<thead>\n<tr class=\"row-1\">\n\t<th class=\"column-1\">National Governing Policies | Politiques governents nationale<\/th><th class=\"column-2\">English <\/th><th class=\"column-3\">French <\/th>\n<\/tr>\n<\/thead>\n<tbody class=\"row-striping row-hover\">\n<tr class=\"row-2\">\n\t<td class=\"column-1\">Sport Canada Athlete Assistance Program (AAP) | Sport Canada Programme d'aide aux athl\u00e8tes<\/td><td class=\"column-2\"><a href=\"https:\/\/skijumpingcanada.com\/wp-content\/uploads\/2025\/03\/SJC-AAP-Carding-Criteria-SJC-25-26-ENG.pdf\">PDF<\/a><\/td><td class=\"column-3\"><\/td>\n<\/tr>\n<tr class=\"row-3\">\n\t<td class=\"column-1\">Nordic Responsibility Code | Code conduite nordique<\/td><td class=\"column-2\"><a href=\"https:\/\/www.skipatrol.ca\/safety-injury-prevention\/responsibility-codes\/\">PDF<\/a><\/td><td class=\"column-3\"><a href=\"https:\/\/www.skipatrol.ca\/fr\/safety-injury-prevention\/responsibility-codes\/\">PDF<\/a><\/td>\n<\/tr>\n<tr class=\"row-4\">\n\t<td class=\"column-1\">2019 CSA Risk Management Update | 2019 CSA information concernant la gestion des risques<\/td><td class=\"column-2\"><a href=\"https:\/\/skijumpingcanada.com\/wp-content\/uploads\/2019\/03\/2019_CSA_UpdateEN.pdf\">PDF<\/a><\/td><td class=\"column-3\"><a href=\"https:\/\/skijumpingcanada.com\/wp-content\/uploads\/2019\/03\/2019_CSA_UpdateFR.pdf\">PDF<\/a><\/td>\n<\/tr>\n<\/tbody>\n<\/table>\n<!-- #tablepress-8 from cache --><\/p>\n\n\t\t<\/div>\n\t<\/div>\n<\/div><\/div><\/div><\/div>\n<\/div>","protected":false},"excerpt":{"rendered":"Ski Jumping Canada Policies | Politiques de Saut \u00e0 Ski CanadaEnglish French Anti Doping | Lutte contre le dopagePDFPDF Appeal Policy 2025 | Politique d'appel 2025PDFPDF Athlete Agreement 2025\/2026 | [...]","protected":false},"author":1,"featured_media":0,"parent":0,"menu_order":0,"comment_status":"closed","ping_status":"closed","template":"","meta":{"footnotes":""},"class_list":["post-8461","page","type-page","status-publish"],"_links":{"self":[{"href":"https:\/\/skijumpingcanada.com\/fr\/wp-json\/wp\/v2\/page\/8461","targetHints":{"allow":["GET"]}}],"collection":[{"href":"https:\/\/skijumpingcanada.com\/fr\/wp-json\/wp\/v2\/page"}],"about":[{"href":"https:\/\/skijumpingcanada.com\/fr\/wp-json\/wp\/v2\/types\/page"}],"author":[{"embeddable":true,"href":"https:\/\/skijumpingcanada.com\/fr\/wp-json\/wp\/v2\/users\/1"}],"replies":[{"embeddable":true,"href":"https:\/\/skijumpingcanada.com\/fr\/wp-json\/wp\/v2\/comments?post=8461"}],"version-history":[{"count":1,"href":"https:\/\/skijumpingcanada.com\/fr\/wp-json\/wp\/v2\/page\/8461\/revisions"}],"predecessor-version":[{"id":8465,"href":"https:\/\/skijumpingcanada.com\/fr\/wp-json\/wp\/v2\/page\/8461\/revisions\/8465"}],"wp:attachment":[{"href":"https:\/\/skijumpingcanada.com\/fr\/wp-json\/wp\/v2\/media?parent=8461"}],"curies":[{"name":"wp","href":"https:\/\/api.w.org\/{rel}","templated":true}]}}