{"id":8492,"date":"2025-10-23T16:21:22","date_gmt":"2025-10-23T16:21:22","guid":{"rendered":"https:\/\/skijumpingcanada.com\/notre-histoire\/"},"modified":"2025-10-24T20:09:36","modified_gmt":"2025-10-24T20:09:36","slug":"notre-histoire","status":"publish","type":"page","link":"https:\/\/skijumpingcanada.com\/fr\/notre-histoire\/","title":{"rendered":"Notre pass\u00e9"},"content":{"rendered":"<div class=\"wpb-content-wrapper\"><div class=\"vc_row wpb_row vc_row-fluid\"><div class=\"wpb_column vc_column_container vc_col-sm-12\"><div class=\"vc_column-inner\"><div class=\"wpb_wrapper\">\n\t<div  class=\"wpb_single_image wpb_content_element vc_align_center wpb_content_element\">\n\t\t\n\t\t<figure class=\"wpb_wrapper vc_figure\">\n\t\t\t<div class=\"vc_single_image-wrapper   vc_box_border_grey\"><img fetchpriority=\"high\" decoding=\"async\" width=\"1200\" height=\"400\" src=\"https:\/\/skijumpingcanada.com\/wp-content\/uploads\/2025\/10\/1.png\" class=\"vc_single_image-img attachment-full\" alt=\"\" title=\"1\" srcset=\"https:\/\/skijumpingcanada.com\/wp-content\/uploads\/2025\/10\/1.png 1200w, https:\/\/skijumpingcanada.com\/wp-content\/uploads\/2025\/10\/1-300x100.png 300w, https:\/\/skijumpingcanada.com\/wp-content\/uploads\/2025\/10\/1-1024x341.png 1024w, https:\/\/skijumpingcanada.com\/wp-content\/uploads\/2025\/10\/1-768x256.png 768w\" sizes=\"(max-width: 1200px) 100vw, 1200px\" \/><\/div>\n\t\t<\/figure>\n\t<\/div>\n<div class=\"vc_separator wpb_content_element vc_separator_align_center vc_sep_width_100 vc_sep_pos_align_center vc_separator_no_text vc_sep_color_grey wpb_content_element  wpb_content_element\" ><span class=\"vc_sep_holder vc_sep_holder_l\"><span class=\"vc_sep_line\"><\/span><\/span><span class=\"vc_sep_holder vc_sep_holder_r\"><span class=\"vc_sep_line\"><\/span><\/span>\n<\/div>\n\t<div class=\"wpb_text_column wpb_content_element\" >\n\t\t<div class=\"wpb_wrapper\">\n\t\t\t<h4 style=\"text-align: center\">Trajectoire de vol : l\u2019histoire de Saut \u00e0 Ski Canada<\/h4>\n<p>Le saut \u00e0 ski au Canada n\u2019est pas seulement une histoire de collines et de sauts, c\u2019est une histoire de pionniers, de r\u00e9silience et de relever. De ses humbles d\u00e9buts dans les Rocheuses \u00e0 son entr\u00e9e dans l\u2019histoire sur le podium olympique, le saut \u00e0 ski canadien a r\u00e9sist\u00e9, s\u2019est adapt\u00e9 et s\u2019envole maintenant.<\/p>\n<h4 style=\"text-align: center\">Les premi\u00e8res racines : des immigrants scandinaves aux collines canadiennes<\/h4>\n<p>Le sport du saut \u00e0 ski est n\u00e9 en Norv\u00e8ge au milieu des ann\u00e9es 1800 et a rapidement fait son chemin \u00e0 travers l\u2019Atlantique. Lorsque les immigrants scandinaves sont arriv\u00e9s dans l\u2019Ouest canadien \u00e0 la fin des ann\u00e9es 1800, ils emportaient avec eux des skis et l\u2019id\u00e9e de d\u00e9valer une rampe dans les airs.<\/p>\n<p>L\u2019un des premiers centres se trouvait pr\u00e8s de Revelstoke, en Colombie-Britannique. La colline Nels Nelsen (\u00e9galement connue sous le nom de \u00ab Big Hill \u00bb) a \u00e9t\u00e9 op\u00e9rationnelle \u00e0 partir de 1916 et a connu des sauts records du monde, ce qui en fait la seule colline canadienne \u00e0 accueillir des records officiels de longueur mondiale. Au cours de ces premi\u00e8res d\u00e9cennies, on a b\u00e2ti une base de clubs locaux, de championnats nationaux et d\u2019une culture du saut \u00e0 ski dans le paysage hivernal canadien.<\/p>\n<h4 style=\"text-align: center\">Croissance, d\u00e9fis et transition du milieu du si\u00e8cle<\/h4>\n<p>Dans les ann\u00e9es 1920 et 1930, le saut \u00e0 ski s\u2019est enracin\u00e9 partout au Canada, en Colombie-Britannique, dans les Prairies et dans les r\u00e9gions de l\u2019Est comme Ottawa. Mais le sport a \u00e9galement \u00e9t\u00e9 confront\u00e9 \u00e0 des d\u00e9fis : infrastructures limit\u00e9es, concurrence d\u2019autres sports d\u2019hiver et financement fluctuant.<\/p>\n<p>Malgr\u00e9 ces obstacles, le Canada a produit des athl\u00e8tes exceptionnels. Horst Bulau, de l\u2019Ontario, a \u00e9t\u00e9 l\u2019un des meilleurs au monde dans les ann\u00e9es 1980, remportant 13 victoires en Coupe du monde et une septi\u00e8me place aux Jeux olympiques de Calgary en 1988 \u2013 le meilleur r\u00e9sultat olympique de tous les temps pour un sauteur \u00e0 ski canadien. Steve Collins, de Thunder Bay, est \u00e9galement entr\u00e9 dans l\u2019histoire en remportant le Championnat du monde junior de 1980 et en aidant \u00e0 raviver l\u2019attention nationale sur le sport.<\/p>\n<h4 style=\"text-align: center\">Calgary 1988 : Pleins feux sur le sol natal<\/h4>\n<p>Lorsque le Canada a accueilli les Jeux olympiques d\u2019hiver de 1988 \u00e0 Calgary, le saut \u00e0 ski a connu un rare moment sous les projecteurs nationaux. L\u2019\u00e9v\u00e9nement a mis en valeur les athl\u00e8tes et les organisateurs canadiens, d\u00e9montrant ainsi la capacit\u00e9 du pays \u00e0 accueillir des comp\u00e9titions d\u2019\u00e9lite. La performance de Horst Bulau \u00e0 domicile a inspir\u00e9 toute une g\u00e9n\u00e9ration et a r\u00e9affirm\u00e9 que le Canada pouvait rivaliser avec les meilleurs au monde. Cependant, il a \u00e9galement soulign\u00e9 la n\u00e9cessit\u00e9 d\u2019un d\u00e9veloppement et d\u2019une infrastructure \u00e0 long terme plus solides pour maintenir le succ\u00e8s.<\/p>\n<h4 style=\"text-align: center\">R\u00e9surgence r\u00e9cente et succ\u00e8s fulgurant<\/h4>\n<p>Dans les ann\u00e9es 2010 et au-del\u00e0, le saut \u00e0 ski canadien a recommenc\u00e9 \u00e0 augmenter. La combinaison de jeunes talents, d\u2019opportunit\u00e9s de formation \u00e0 l\u2019\u00e9chelle mondiale et d\u2019une orientation organisationnelle renouvel\u00e9e a cr\u00e9\u00e9 une nouvelle \u00e8re pour le sport.<\/p>\n<p>Aux Jeux olympiques d\u2019hiver de 2022 \u00e0 Beijing, le Canada a remport\u00e9 sa toute premi\u00e8re m\u00e9daille olympique de saut \u00e0 ski, une m\u00e9daille de bronze dans la premi\u00e8re \u00e9preuve par \u00e9quipe mixte. La formation historique comprenait Alexandria Loutitt, Abigail Strate, Mackenzie Boyd-Clowes et Matthew Soukup.<\/p>\n<p>En 2023, Alexandria Loutitt est devenue la premi\u00e8re Canadienne \u00e0 remporter une \u00e9preuve de la Coupe du monde FIS et plus tard la premi\u00e8re sauteuse \u00e0 ski canadienne \u00e0 remporter un titre de championne du monde.<\/p>\n<h4 style=\"text-align: center\">Pourquoi c\u2019est important et ce qui s\u2019en vient ensuite<\/h4>\n<p>L\u2019histoire du saut \u00e0 ski au Canada prouve que le pays a toujours eu le talent et l\u2019esprit n\u00e9cessaires \u2013 il s\u2019agit maintenant de b\u00e2tir la durabilit\u00e9. Les premiers pionniers nous ont donn\u00e9 la passion. Les g\u00e9n\u00e9rations qui ont suivi ont prouv\u00e9 que les Canadiens pouvaient rivaliser avec les meilleurs. Et les athl\u00e8tes d\u2019aujourd\u2019hui transforment leur potentiel en podiums.<\/p>\n<p>Saut \u00e0 Ski Canada se concentre sur l\u2019avenir : d\u00e9velopper des programmes pour les jeunes, \u00e9largir l\u2019acc\u00e8s aux installations, cr\u00e9er des parcours clairs pour les athl\u00e8tes et encourager la prochaine g\u00e9n\u00e9ration de sauteurs canadiens. L\u2019\u00e9lan est r\u00e9el et la mission est claire : cr\u00e9er de la profondeur, d\u00e9velopper le sport et faire du vol une tradition nationale une fois de plus.<\/p>\n<p>De la grande colline de Revelstoke aux plus grandes sc\u00e8nes du monde, le saut \u00e0 ski canadien a toujours \u00e9t\u00e9 une question de courage, d\u2019innovation et de conviction que nous pouvons nous envoler. Avec chaque record, chaque m\u00e9daille et chaque nouveau sauteur prenant son premier vol, l\u2019histoire continue.<\/p>\n<p>C\u2019est \u00e0 nous d\u2019\u00e9crire le prochain chapitre, et le Canada est pr\u00eat \u00e0 voler plus haut que jamais.<\/p>\n<p><strong>Aidez-nous \u00e0 \u00e9lever le saut \u00e0 ski canadien vers de nouveaux sommets. \u00cates-vous pr\u00eat \u00e0 prendre votre envol ?<\/strong><\/p>\n\n\t\t<\/div>\n\t<\/div>\n<\/div><\/div><\/div><\/div>\n<\/div>","protected":false},"excerpt":{"rendered":"Trajectoire de vol : l\u2019histoire de Saut \u00e0 Ski Canada Le saut \u00e0 ski au Canada n\u2019est pas seulement une histoire de collines et de sauts, c\u2019est une histoire de [...]","protected":false},"author":6,"featured_media":0,"parent":0,"menu_order":0,"comment_status":"closed","ping_status":"closed","template":"","meta":{"footnotes":""},"class_list":["post-8492","page","type-page","status-publish"],"_links":{"self":[{"href":"https:\/\/skijumpingcanada.com\/fr\/wp-json\/wp\/v2\/page\/8492","targetHints":{"allow":["GET"]}}],"collection":[{"href":"https:\/\/skijumpingcanada.com\/fr\/wp-json\/wp\/v2\/page"}],"about":[{"href":"https:\/\/skijumpingcanada.com\/fr\/wp-json\/wp\/v2\/types\/page"}],"author":[{"embeddable":true,"href":"https:\/\/skijumpingcanada.com\/fr\/wp-json\/wp\/v2\/users\/6"}],"replies":[{"embeddable":true,"href":"https:\/\/skijumpingcanada.com\/fr\/wp-json\/wp\/v2\/comments?post=8492"}],"version-history":[{"count":5,"href":"https:\/\/skijumpingcanada.com\/fr\/wp-json\/wp\/v2\/page\/8492\/revisions"}],"predecessor-version":[{"id":8537,"href":"https:\/\/skijumpingcanada.com\/fr\/wp-json\/wp\/v2\/page\/8492\/revisions\/8537"}],"wp:attachment":[{"href":"https:\/\/skijumpingcanada.com\/fr\/wp-json\/wp\/v2\/media?parent=8492"}],"curies":[{"name":"wp","href":"https:\/\/api.w.org\/{rel}","templated":true}]}}