{"id":8507,"date":"2025-10-23T18:18:42","date_gmt":"2025-10-23T18:18:42","guid":{"rendered":"https:\/\/skijumpingcanada.com\/cces-safe-sport\/"},"modified":"2025-11-03T22:25:44","modified_gmt":"2025-11-03T22:25:44","slug":"cces-sport-securitaire","status":"publish","type":"page","link":"https:\/\/skijumpingcanada.com\/fr\/cces-sport-securitaire\/","title":{"rendered":"CCES Sport s\u00e9curitaire"},"content":{"rendered":"<div data-elementor-type=\"wp-page\" data-elementor-id=\"8507\" class=\"elementor elementor-8507\">\n\t\t\t\t<div class=\"elementor-element elementor-element-33fabc65 e-flex e-con-boxed e-con e-parent\" data-id=\"33fabc65\" data-element_type=\"container\" data-e-type=\"container\" data-settings=\"{&quot;section_wpkoi_tricks_particles&quot;:&quot;false&quot;}\">\n\t\t\t\t\t<div class=\"e-con-inner\">\n\t\t\t\t<div class=\"elementor-element elementor-element-3647669a elementor-widget elementor-widget-text-editor\" data-id=\"3647669a\" data-element_type=\"widget\" data-e-type=\"widget\" data-widget_type=\"text-editor.default\">\n\t\t\t\t\t\t\t\t\t<blockquote>\n<p style=\"text-align: center;\">&#8220;At Ski Jumping Canada, creating a safe environment is our top priority and is a responsibility we share with all sport participants. All individuals who engage with Ski Jumping in Canada have a right to participate in a safe and inclusive environment that is free of abuse, harassment, or discrimination. <span style=\"font-size: revert;\">Ski Jumping Canada has a zero-tolerance policy for any forms of abuse, harassment, or discrimination&#8221;.<\/span><\/p>\n<\/blockquote>\n<p><em><a href=\"https:\/\/cces.ca\/\">The Canadian Centre for Ethics in Sport (CCES) <\/a><\/em>governs Ski Jumping Canada maltreatment reporting, which independently administers the <a href=\"https:\/\/cces.ca\/sites\/default\/files\/content\/docs\/2025-01\/CCES-UCCMS-Final-E.pdf\"><em>Universal Code of Conduct to Prevent and Address Maltreatment in Sport (UCCMS)<\/em><\/a> through the <em><a href=\"https:\/\/cces.ca\/safesport\">Canadian Safe Sport Program (CSSP)<\/a>.<\/em> The UCCMS is the core document that sets the rules for conduct and behaviour to support us in continuing a respectful sport culture; therefore, preventing and addressing maltreatment in sport.<\/p>\n<p><strong>Any allegation of maltreatment or other prohibited behaviour, as defined in the UCCMS, against a UCCMS participant of Ski Jumping Canada should be filed in one of two ways as follows.<\/strong><\/p>\n<h3><span style=\"text-decoration: underline;\">Reporting<\/span><\/h3>\n<p style=\"text-align: left;\"><strong>Report by phone: <\/strong>1-866-971-2777<\/p>\n<p style=\"text-align: left;\"><strong>Report online: <\/strong><a href=\"https:\/\/cces.ca\/report-safe-sport\">https:\/\/cces.ca\/report-safe-sport<\/a><\/p>\n<p style=\"text-align: left;\"><em>To determine whether a complaint is admissible to this service or to request assistance with filing a complaint, individuals may anonymously contact CSSP below.<\/em><\/p>\n<p style=\"text-align: left;\"><strong>Text: <\/strong>1-866-971-2777<\/p>\n<p style=\"text-align: left;\"><strong>Email: <\/strong><a title=\"Email safesport@cssp.realresponse.org\" href=\"mailto:safesport@cssp.realresponse.org\" target=\"_blank\" rel=\"noopener\"><span lang=\"EN-CA\">safesport@cssp.realresponse.org<\/span><\/a><\/p>\n<p style=\"text-align: left;\"><em>To ensure your anonymity, consider whether your email signature is provided in the email you send to this address*.\u00a0<\/em><\/p>\n<p><!-- \/wp:post-content --><!-- wp:heading --><\/p>\n<h3><span style=\"text-decoration: underline;\">Independent Third Party<\/span><\/h3>\n<p><!-- \/wp:heading --><\/p>\n<p style=\"text-align: left;\"><strong>Name: <\/strong>Samantha Heron, BA, MA (she\/her\/hers\/elle)<\/p>\n<p style=\"text-align: left;\"><strong>Role:<\/strong> Mediator &amp; Conflict Management Consultant<\/p>\n<p style=\"text-align: left;\"><strong>Company: <\/strong>Contact Heron Resolutions |\u00a0<a style=\"font-size: revert; background-color: #ffffff;\" href=\"http:\/\/www.heronresolutions.com\/\" target=\"_blank\" rel=\"noopener\" data-saferedirecturl=\"https:\/\/www.google.com\/url?q=http:\/\/www.blueheronresolutions.com\/&amp;source=gmail&amp;ust=1729214066236000&amp;usg=AOvVaw2hPb2J3frpFf2Nvh7NCvqA\">www.heronresolutions.com<\/a><\/p>\n<p style=\"text-align: left;\"><strong>Contact phone number: <\/strong><span style=\"font-size: revert;\">+ 1 250 828 7344<\/span><\/p>\n<p style=\"text-align: left;\"><strong>Contact email:<\/strong> <a style=\"font-size: revert; background-color: #ffffff;\" href=\"mailto:Samantha@heronresolutions.com\" target=\"_blank\" rel=\"noopener\">Samantha@heronresolutions.com<\/a><\/p>\n<p style=\"text-align: left;\"><em>The existence of this Independent Third-Party does not prevent individuals from contacting Ski Jumping Canada directly with complaints if they are comfortable with the process*.<\/em><\/p>\n<p><!-- \/wp:paragraph --><!-- \/wp:paragraph --><!-- wp:heading --><\/p>\n<p><!-- wp:paragraph --><!-- \/wp:paragraph --><!-- wp:paragraph --><!-- \/wp:paragraph --><\/p>\t\t\t\t\t\t\t\t<\/div>\n\t\t\t\t\t<\/div>\n\t\t\t\t<\/div>\n\t\t\t\t<\/div>","protected":false},"excerpt":{"rendered":"\"Saut \u00e0 ski Canada s\u2019engage \u00e0 cr\u00e9er et \u00e0 maintenir un environnement s\u00e9curitaire et inclusif pour tous les athl\u00e8tes, entra\u00eeneurs, officiels et participants du milieu du saut \u00e0 ski. Toute [...]","protected":false},"author":1,"featured_media":0,"parent":0,"menu_order":0,"comment_status":"closed","ping_status":"closed","template":"","meta":{"footnotes":""},"class_list":["post-8507","page","type-page","status-publish"],"_links":{"self":[{"href":"https:\/\/skijumpingcanada.com\/fr\/wp-json\/wp\/v2\/page\/8507","targetHints":{"allow":["GET"]}}],"collection":[{"href":"https:\/\/skijumpingcanada.com\/fr\/wp-json\/wp\/v2\/page"}],"about":[{"href":"https:\/\/skijumpingcanada.com\/fr\/wp-json\/wp\/v2\/types\/page"}],"author":[{"embeddable":true,"href":"https:\/\/skijumpingcanada.com\/fr\/wp-json\/wp\/v2\/users\/1"}],"replies":[{"embeddable":true,"href":"https:\/\/skijumpingcanada.com\/fr\/wp-json\/wp\/v2\/comments?post=8507"}],"version-history":[{"count":5,"href":"https:\/\/skijumpingcanada.com\/fr\/wp-json\/wp\/v2\/page\/8507\/revisions"}],"predecessor-version":[{"id":8832,"href":"https:\/\/skijumpingcanada.com\/fr\/wp-json\/wp\/v2\/page\/8507\/revisions\/8832"}],"wp:attachment":[{"href":"https:\/\/skijumpingcanada.com\/fr\/wp-json\/wp\/v2\/media?parent=8507"}],"curies":[{"name":"wp","href":"https:\/\/api.w.org\/{rel}","templated":true}]}}