{"id":8865,"date":"2025-11-10T16:39:39","date_gmt":"2025-11-10T16:39:39","guid":{"rendered":"https:\/\/skijumpingcanada.com\/abigail-strate\/"},"modified":"2025-11-10T16:39:40","modified_gmt":"2025-11-10T16:39:40","slug":"abigail-strate","status":"publish","type":"page","link":"https:\/\/skijumpingcanada.com\/fr\/abigail-strate\/","title":{"rendered":"Abigail Strate"},"content":{"rendered":"<div class=\"wpb-content-wrapper\"><div class=\"vc_row wpb_row vc_row-fluid\"><div class=\"wpb_column vc_column_container vc_col-sm-12\"><div class=\"vc_column-inner\"><div class=\"wpb_wrapper\">\n\t<div class=\"wpb_text_column wpb_content_element\" >\n\t\t<div class=\"wpb_wrapper\">\n\t\t\t<p class=\"p1\"><b>Date de naissance:  <\/b>22 f\u00e9vrier 2001<\/p>\n<p class=\"p1\"><b>Lieu de naissance:<\/b> Calgary<\/p>\n<p class=\"p1\"><b>R\u00e9sidence: <\/b>Calgary + Ljubljana, Slov\u00e9nie<\/p>\n<p class=\"p1\"><b>Twitter : <\/b>@abi_strate<b>&nbsp;<\/b><\/p>\n<p class=\"p1\"><b>Instagram : <\/b>@abi_strate<\/p>\n<p class=\"p2\"><b>TikTok :<\/b> @abi_strate<\/p>\n<p class=\"p2\"><b>Sur Facebook :<\/b> Abigail Strate<\/p>\n\n\t\t<\/div>\n\t<\/div>\n<div class=\"vc_separator wpb_content_element vc_separator_align_center vc_sep_width_100 vc_sep_pos_align_center vc_separator_no_text vc_sep_color_grey wpb_content_element  wpb_content_element\" ><span class=\"vc_sep_holder vc_sep_holder_l\"><span class=\"vc_sep_line\"><\/span><\/span><span class=\"vc_sep_holder vc_sep_holder_r\"><span class=\"vc_sep_line\"><\/span><\/span>\n<\/div>\n\t<div class=\"wpb_text_column wpb_content_element\" >\n\t\t<div class=\"wpb_wrapper\">\n\t\t\t<p class=\"p1\"><b>Arri\u00e8re-plan:<\/b><\/p>\n<p class=\"p1\">Abigail Strate a fait partie d\u2019un moment historique lors de ses d\u00e9buts olympiques \u00e0 Beijing 2022. Elle et ses co\u00e9quipiers Mackenzie Boyd-Clowes, Alexandria Loutitt et Matthew Soukup ont remport\u00e9 le bronze lors de la premi\u00e8re \u00e9preuve olympique de saut \u00e0 ski par \u00e9quipe mixte. Il s\u2019agissait de la toute premi\u00e8re m\u00e9daille olympique du Canada en saut \u00e0 ski.  <\/p>\n<p class=\"p2\">Se nourrissant de cette journ\u00e9e historique, les objectifs futurs d\u2019Abigail vont bien au-del\u00e0, car elle vise \u00e0 monter r\u00e9guli\u00e8rement sur le podium de la Coupe du monde, \u00e0 remporter un globe de cristal et des m\u00e9dailles individuelles aux Jeux olympiques et aux Championnats du monde.<\/p>\n<p class=\"p2\">Elle est d\u00e9finitivement sur la bonne trajectoire de vol.<\/p>\n<p class=\"p1\">Abigail a connu la meilleure saison de sa carri\u00e8re en 2022-23 o\u00f9 elle s\u2019est r\u00e9guli\u00e8rement class\u00e9e dans le top-10 de la Coupe du monde, ce qui comprenait son premier podium, remportant la m\u00e9daille de bronze \u00e0 Hinterzarten, en Allemagne, ainsi que trois quatri\u00e8mes places. Elle a termin\u00e9 sixi\u00e8me au classement g\u00e9n\u00e9ral du Grand Prix d\u2019\u00e9t\u00e9 2023 avec quatre classements parmi les six premiers et deux sauts suppl\u00e9mentaires dans le top 10. <\/p>\n<p class=\"p1\">Abigail a fait ses d\u00e9buts en Coupe du monde lors de la saison 2016-17 \u00e0 l\u2019\u00e2ge de 15 ans. En tant que recrue, elle a particip\u00e9 \u00e0 l\u2019\u00e9preuve test olympique de PyeongChang 2018. <span class=\"Apple-converted-space\">&nbsp; <\/span>Elle a particip\u00e9 \u00e0 ses deuxi\u00e8mes Championnats du monde FIS seniors en 2023 o\u00f9 elle s\u2019est class\u00e9e 10e sur le tremplin normal, 15e sur le grand tremplin et sixi\u00e8me dans l\u2019\u00e9preuve par \u00e9quipe. Ses premiers championnats du monde ont eu lieu en 2021, alors qu\u2019Abigail a \u00e9t\u00e9 la meilleure Canadienne dans les \u00e9preuves individuelles f\u00e9minines de tremplin normal et de grand tremplin. <\/p>\n<p class=\"p4\"><span class=\"s1\"><b>D\u00e9buts :<\/b> Elle a commenc\u00e9 le saut \u00e0 ski \u00e0 l\u2019\u00e2ge de 6 ans et a particip\u00e9 \u00e0 sa premi\u00e8re comp\u00e9tition internationale \u00e0 l\u2019\u00e2ge de 10 ans \u00e0 Park City, dans l\u2019Utah&#8230; <b>Autres int\u00e9r\u00eats :<\/b>&nbsp;<\/span>Abigail est aussi une artiste et une cr\u00e9ative dans l\u2019\u00e2me. Elle \u00e9tudie le design graphique en ligne \u00e0 l\u2019\u00e9cole de cin\u00e9ma de Toronto au Canada, \u00e0 un rythme qui s\u2019adapte tr\u00e8s bien \u00e0 son style de vie d\u2019athl\u00e8te de haut niveau et internationale. Elle aime la photographie et poss\u00e8de une collection sp\u00e9ciale de films et d\u2019appareils photo num\u00e9riques qu\u2019elle emporte lors de ses voyages. Elle a \u00e9galement un don pour le montage vid\u00e9o et a utilis\u00e9 cette comp\u00e9tence pour cr\u00e9er des vlogs, qui sont devenus un grand succ\u00e8s parmi la base de fans internationale&#8230; Lorsqu\u2019elle n\u2019est pas en train de faire du saut \u00e0 ski ou d\u2019\u00e9tudier, elle aime constamment adopter un mode de vie sain et actif. Elle aime cuisiner, courir, faire de la randonn\u00e9e, du v\u00e9lo de montagne et tous les autres types de ski (surtout quand elle a l\u2019occasion d\u2019amener ses chiens&nbsp;!)\u2026 Abigail a grandi entour\u00e9e d\u2019animaux, et se retrouve toujours \u00e0 la recherche d\u2019un chien, d\u2019un chat ou m\u00eame d\u2019une vache \u00e0 caresser partout o\u00f9 ses voyages sportifs la m\u00e8nent. L\u2019un de ses passe-temps les plus uniques est l\u2019apiculture \u2013 elle est connue sous le nom d&#8217;\u00ab abeille \u00bb dans le monde du saut \u00e0 ski, et au-del\u00e0. Elle a un autocollant d\u2019abeille porte-bonheur plac\u00e9 sur son ski droit qui lui rappelle de se d\u00e9tendre et de sourire, m\u00eame lors des comp\u00e9titions les plus intenses.<span class=\"s1\">\u2026 <b>De tout et de rien :<\/b> Devise pr\u00e9f\u00e9r\u00e9e : \u00ab Aller comme une rivi\u00e8re \u00bb.<\/span><\/p>\n<p class=\"p5\"><b>Faits saillants de sa carri\u00e8re :<\/b><\/p>\n<p class=\"p1\"><em>Jeux olympiques<\/em><\/p>\n<p class=\"p1\">2022 \u2013 Jeux Olympiques d\u2019hiver, Beijing, CHN : <b>3<\/b> (\u00e9quipe mixte)<\/p>\n<p class=\"p1\"><em>Coupe du Monde<\/em><\/p>\n<p class=\"p1\">2023 \u2013 Coupe du monde, Hinzenbach, AUT : <b>3<\/b> (tremplin normal)<\/p>\n<p class=\"p1\">2023 \u2013 Coupe du monde, Willingen, GER :<b> 4<\/b> (grand tremplin), <b>9 <\/b>(grand tremplin)<\/p>\n<p class=\"p1\">2022 \u2013 Coupe du monde, Titisee Neustadt, GER : <b>4<\/b> (grand tremplin)<\/p>\n<p class=\"p1\">2022 \u2013 Coupe du monde, Lillehammer, NOR : <b>4<\/b> (tremplin normal)<\/p>\n<p class=\"p1\">2022 \u2013 Coupe du monde, Villach, AUT : <b>6<\/b> (tremplin normal)<\/p>\n<p class=\"p1\">2023 \u2013 Coupe du monde, Ljubno, SLO : <b>8<\/b> (normal)<\/p>\n<p class=\"p1\">2023 \u2013 FIS, Vikersund, NOR : <b>8<\/b> (Flying Hill)<\/p>\n<p class=\"p1\">2023 \u2013 Coupe du monde, Oslo, NOR : <b>6<\/b> (grand tremplin), <b>9<\/b> (grand tremplin)<\/p>\n<p class=\"p1\">2023 \u2013 Coupe du monde, Lillehammer, NOR : <b>12<\/b> (grand tremplin), <b>8 <\/b>(grand tremplin)<\/p>\n<p class=\"p1\">2023 \u2013 Coupe du monde, Zao, JPN : <b>12<\/b> (normal), <b>4 <\/b>(\u00e9quipe), <b>11<\/b> (normal)<\/p>\n<p class=\"p1\">2023 \u2013 Coupe du monde, Hinzenbach, AUT : <b>12<\/b> (tremplin normal), <b>10<\/b> (tremplin normal)<\/p>\n<p class=\"p1\"><em>Grand Prix d\u2019\u00e9t\u00e9<\/em><\/p>\n<p class=\"p1\">Grand Prix d\u2019\u00e9t\u00e9 2023<span class=\"Apple-converted-space\">  <\/span>, Rasnov, ROU : <b>8<\/b> (tremplin normal), <b>4<\/b> (tremplin normal)<\/p>\n<p class=\"p1\">Grand Prix d\u2019\u00e9t\u00e9 2023<span class=\"Apple-converted-space\">  <\/span>, Szczyrk, POL : <b>5<\/b> (tremplin normal), <b>6<\/b> (tremplin normal)<\/p>\n<p class=\"p1\">Grand Prix d\u2019\u00e9t\u00e9 2023<span class=\"Apple-converted-space\">  <\/span>, Courcheval, FRA : <b>4<\/b> (grand tremplin), <b>8<\/b> (grand tremplin)<\/p>\n<p class=\"p1\"><em>Championnats du monde<\/em><\/p>\n<p class=\"p1\">2023 \u2013 Championnats du monde, Planica, SLO : <b>15<\/b> (grand tremplin), <b>6<\/b> (\u00e9quipe), <b>10<\/b> (tremplin normal)<\/p>\n<p class=\"p1\">2021 \u2013 (Premiers) Championnats du monde, Oberstdorf, GER : <b>28<\/b> (grand tremplin), <b>10<\/b> (\u00e9quipe mixte), <b>11<\/b> (\u00e9quipe), <b>27<\/b> (normal)<\/p>\n<p class=\"p1\"><em>Coupe Continentale<\/em><\/p>\n<p class=\"p1\">2022 \u2013 Coupe Continentale, Lillehammer, NOR : <b>1<\/b> (tremplin normal), <b>1<\/b> (tremplin normal)<span class=\"Apple-converted-space\">&nbsp; &nbsp; &nbsp; &nbsp;<\/span><\/p>\n<p class=\"p1\">2022 \u2013 Coupe Continentale, Lake Placid, USA : <b>1<\/b> (tremplin normal), <b>1<\/b> (tremplin normal), <b>1<\/b> (grand tremplin)<\/p>\n\n\t\t<\/div>\n\t<\/div>\n<\/div><\/div><\/div><\/div>\n<\/div>","protected":false},"excerpt":{"rendered":"Date de naissance: 22 f\u00e9vrier 2001 Lieu de naissance: Calgary R\u00e9sidence: Calgary + Ljubljana, Slov\u00e9nie Twitter : @abi_strate&nbsp; Instagram : @abi_strate TikTok : @abi_strate Sur Facebook : Abigail Strate Arri\u00e8re-plan: [...]","protected":false},"author":6,"featured_media":0,"parent":0,"menu_order":0,"comment_status":"closed","ping_status":"closed","template":"","meta":{"footnotes":""},"class_list":["post-8865","page","type-page","status-publish"],"_links":{"self":[{"href":"https:\/\/skijumpingcanada.com\/fr\/wp-json\/wp\/v2\/page\/8865","targetHints":{"allow":["GET"]}}],"collection":[{"href":"https:\/\/skijumpingcanada.com\/fr\/wp-json\/wp\/v2\/page"}],"about":[{"href":"https:\/\/skijumpingcanada.com\/fr\/wp-json\/wp\/v2\/types\/page"}],"author":[{"embeddable":true,"href":"https:\/\/skijumpingcanada.com\/fr\/wp-json\/wp\/v2\/users\/6"}],"replies":[{"embeddable":true,"href":"https:\/\/skijumpingcanada.com\/fr\/wp-json\/wp\/v2\/comments?post=8865"}],"version-history":[{"count":1,"href":"https:\/\/skijumpingcanada.com\/fr\/wp-json\/wp\/v2\/page\/8865\/revisions"}],"predecessor-version":[{"id":8869,"href":"https:\/\/skijumpingcanada.com\/fr\/wp-json\/wp\/v2\/page\/8865\/revisions\/8869"}],"wp:attachment":[{"href":"https:\/\/skijumpingcanada.com\/fr\/wp-json\/wp\/v2\/media?parent=8865"}],"curies":[{"name":"wp","href":"https:\/\/api.w.org\/{rel}","templated":true}]}}