{"id":9232,"date":"2026-02-10T23:35:26","date_gmt":"2026-02-10T23:35:26","guid":{"rendered":"https:\/\/skijumpingcanada.com\/rejoignez-un-programme-de-saut-a-ski\/"},"modified":"2026-02-10T23:35:27","modified_gmt":"2026-02-10T23:35:27","slug":"rejoignez-un-programme-de-saut-a-ski","status":"publish","type":"page","link":"https:\/\/skijumpingcanada.com\/fr\/rejoignez-un-programme-de-saut-a-ski\/","title":{"rendered":"Rejoignez un programme de saut \u00e0 ski"},"content":{"rendered":"<div class=\"wpb-content-wrapper\"><div class=\"vc_row wpb_row vc_row-fluid\"><div class=\"wpb_column vc_column_container vc_col-sm-12\"><div class=\"vc_column-inner\"><div class=\"wpb_wrapper\">\n\t<div class=\"wpb_text_column wpb_content_element\" >\n\t\t<div class=\"wpb_wrapper\">\n\t\t\t<h2 data-start=\"120\" data-end=\"136\">Programmes du club<\/h2>\n<p data-start=\"138\" data-end=\"283\">Les programmes de club sont un \u00e9l\u00e9ment cl\u00e9 du saut \u00e0 ski au Canada et offrent aux athl\u00e8tes un acc\u00e8s r\u00e9gulier \u00e0 l\u2019entra\u00eenement, au coaching et \u00e0 une communaut\u00e9 solidaire.<\/p>\n<p data-start=\"285\" data-end=\"543\">Les athl\u00e8tes int\u00e8grent g\u00e9n\u00e9ralement les programmes de club apr\u00e8s avoir \u00e9t\u00e9 initi\u00e9s au sport via Fit to Fly ou d\u2019autres exp\u00e9riences d\u2019introduction. Les clubs s\u2019entra\u00eenent d\u2019abord sur les petites c\u00f4tes et soutiennent les athl\u00e8tes dans leur d\u00e9veloppement progressif de comp\u00e9tences, de confiance et de pr\u00e9paration. <\/p>\n<p data-start=\"545\" data-end=\"754\">Les programmes sont dirig\u00e9s par des entra\u00eeneurs qualifi\u00e9s et align\u00e9s sur la voie de d\u00e9veloppement \u00e0 long terme de Ski Jumping Canada. Les environnements de club privil\u00e9gient la progression en toute s\u00e9curit\u00e9, le plaisir du sport et le d\u00e9veloppement r\u00e9gulier des comp\u00e9tences. <\/p>\n<p data-start=\"756\" data-end=\"898\">Les programmes des clubs fonctionnent dans certaines communaut\u00e9s et collaborent \u00e9troitement avec Ski Jumping Canada pour soutenir la croissance des athl\u00e8tes et l\u2019alignement des parcours nationaux.<\/p>\n<p data-start=\"756\" data-end=\"898\"><em><strong data-start=\"537\" data-end=\"562\">Pas de club dans votre r\u00e9gion ?<\/strong><\/em><br data-start=\"562\" data-end=\"565\"><em>Explorez le R\u00e9seau national de d\u00e9veloppement et voyez comment les athl\u00e8tes peuvent s\u2019entra\u00eener, se d\u00e9velopper et rester connect\u00e9s \u00e0 travers le Canada. Lisez-en plus ci-dessous. <\/em><\/p>\n\n\t\t<\/div>\n\t<\/div>\n\n\t<div class=\"wpb_text_column wpb_content_element\" >\n\t\t<div class=\"wpb_wrapper\">\n\t\t\t\n\t\t<\/div>\n\t<\/div>\n\n\t<div class=\"wpb_text_column wpb_content_element\" >\n\t\t<div class=\"wpb_wrapper\">\n\t\t\t<h2><strong>Clubs de saut \u00e0 ski<\/strong><\/h2>\n\n\t\t<\/div>\n\t<\/div>\n<\/div><\/div><\/div><\/div><div class=\"vc_row wpb_row vc_row-fluid\"><div class=\"wpb_column vc_column_container vc_col-sm-4\"><div class=\"vc_column-inner\"><div class=\"wpb_wrapper\">\n\t<div class=\"wpb_text_column wpb_content_element\" >\n\t\t<div class=\"wpb_wrapper\">\n\t\t\t<h4><span style=\"color: #ff0000\"><strong>Calgary, Alberta<\/strong><\/span><\/h4>\n<p><a href=\"https:\/\/altius.uplifterinc.com\/\">Club de ski nordique Altius<\/a><\/p>\n\n\t\t<\/div>\n\t<\/div>\n\n\t<div class=\"wpb_text_column wpb_content_element\" >\n\t\t<div class=\"wpb_wrapper\">\n\t\t\t\n\t\t<\/div>\n\t<\/div>\n<\/div><\/div><\/div><div class=\"wpb_column vc_column_container vc_col-sm-4\"><div class=\"vc_column-inner\"><div class=\"wpb_wrapper\">\n\t<div class=\"wpb_text_column wpb_content_element\" >\n\t\t<div class=\"wpb_wrapper\">\n\t\t\t<h4><span style=\"color: #ff0000\"><strong>Squamish\/Whistler, Colombie-Britannique<\/strong><\/span><\/h4>\n<p><a href=\"https:\/\/seatoskynordics.ca\/\">Nordiques Sea to Sky<\/a><\/p>\n\n\t\t<\/div>\n\t<\/div>\n<\/div><\/div><\/div><div class=\"wpb_column vc_column_container vc_col-sm-4\"><div class=\"vc_column-inner\"><div class=\"wpb_wrapper\">\n\t<div class=\"wpb_text_column wpb_content_element\" >\n\t\t<div class=\"wpb_wrapper\">\n\t\t\t<h4><span style=\"color: #ff0000\"><strong>Prince George, Colombie-Britannique<\/strong><\/span><\/h4>\n<p><a href=\"https:\/\/caledonianordic.com\/\">Caledonia Nordic Ski Club<\/a><\/p>\n\n\t\t<\/div>\n\t<\/div>\n<\/div><\/div><\/div><\/div><div class=\"vc_row wpb_row vc_row-fluid\"><div class=\"wpb_column vc_column_container vc_col-sm-12\"><div class=\"vc_column-inner\"><div class=\"wpb_wrapper\">\n\t<div class=\"wpb_text_column wpb_content_element\" >\n\t\t<div class=\"wpb_wrapper\">\n\t\t\t<h2><strong>R\u00e9seau national de d\u00e9veloppement<\/strong><\/h2>\n\n\t\t<\/div>\n\t<\/div>\n\n\t<div class=\"wpb_text_column wpb_content_element\" >\n\t\t<div class=\"wpb_wrapper\">\n\t\t\t<h4 data-start=\"192\" data-end=\"283\"><span style=\"color: #ff0000;font-size: 24px\"><em><strong>Soutien aux athl\u00e8tes \u00e0 travers le Canada, y compris dans les communaut\u00e9s sans club local de saut \u00e0 ski.<\/strong><\/em><\/span><\/h4>\n<p data-start=\"285\" data-end=\"508\">Le R\u00e9seau national de d\u00e9veloppement met en relation les athl\u00e8tes avec les programmes de Ski Jumping Canada lorsque l\u2019acc\u00e8s aux clubs locaux est limit\u00e9 ou encore en d\u00e9veloppement. Cela garantit que la g\u00e9ographie ne constitue pas un obstacle \u00e0 la participation ou \u00e0 la progression dans ce sport. <\/p>\n<p data-start=\"510\" data-end=\"808\">Les athl\u00e8tes rejoignent souvent le R\u00e9seau apr\u00e8s avoir d\u00e9couvert le saut \u00e0 ski gr\u00e2ce \u00e0 <strong data-start=\"589\" data-end=\"603\">Fit to Fly<\/strong>, le programme d\u2019entr\u00e9e bas\u00e9 sur la litt\u00e9ratie physique de Ski Jumping Canada. Fit to Fly d\u00e9veloppe les bases des comp\u00e9tences de mouvement, la confiance et l\u2019int\u00e9r\u00eat avant que les athl\u00e8tes ne passent \u00e0 un d\u00e9veloppement plus sp\u00e9cifique au saut \u00e0 ski. <\/p>\n<p data-start=\"810\" data-end=\"1013\">Certains athl\u00e8tes peuvent \u00e9galement \u00eatre identifi\u00e9s gr\u00e2ce \u00e0 des initiatives de transfert de talents comme <strong data-start=\"891\" data-end=\"932\"><span class=\"hover:entity-accent entity-underline inline cursor-pointer align-baseline\"><span class=\"whitespace-normal\">le RBC Training Ground<\/span><\/span><\/strong>, qui aide \u00e0 initier le saut \u00e0 ski des athl\u00e8tes \u00e0 fort potentiel d\u2019autres sports.<\/p>\n<p data-start=\"1015\" data-end=\"1253\">Depuis ces points d\u2019entr\u00e9e, les athl\u00e8tes peuvent progresser vers le <strong data-start=\"1088\" data-end=\"1119\">Programme de d\u00e9veloppement des athl\u00e8tes<\/strong> de Ski Jumping Canada, qui offre un soutien structur\u00e9 via des camps, des opportunit\u00e9s d\u2019entra\u00eenement centralis\u00e9es et une connexion continue avec le parcours national.<\/p>\n<p data-start=\"1255\" data-end=\"1506\">Le Programme de d\u00e9veloppement des athl\u00e8tes soutient les athl\u00e8tes \u00e0 travers le Canada, y compris ceux qui s\u2019entra\u00eenent dans des r\u00e9gions o\u00f9 un club local n\u2019existe pas encore, tout en continuant d\u2019encourager des liens \u00e0 long terme avec les clubs et les programmes provinciaux d\u00e8s que les opportunit\u00e9s se pr\u00e9sentent.<\/p>\n\n\t\t<\/div>\n\t<\/div>\n<\/div><\/div><\/div><\/div><div class=\"vc_row wpb_row vc_row-fluid\"><div class=\"wpb_column vc_column_container vc_col-sm-12\"><div class=\"vc_column-inner\"><div class=\"wpb_wrapper\">\n\t<div class=\"wpb_text_column wpb_content_element\" >\n\t\t<div class=\"wpb_wrapper\">\n\t\t\t<h2><strong data-start=\"125\" data-end=\"143\">Pr\u00eat \u00e0 s\u2019envoler ?<\/strong><\/h2>\n<p><br data-start=\"143\" data-end=\"146\">Contactez-nous \u00e0 <strong data-start=\"160\" data-end=\"189\"><a class=\"decorated-link cursor-pointer\" href=\"mailto:info@skijumpingcanada.com\" rel=\"noopener\" data-start=\"162\" data-end=\"187\">info@skijumpingcanada.com<\/a><\/strong> et nous vous aiderons \u00e0 trouver la bonne \u00e9tape suivante.<\/p>\n\n\t\t<\/div>\n\t<\/div>\n<\/div><\/div><\/div><\/div>\n<\/div>","protected":false},"excerpt":{"rendered":"Programmes du club Les programmes de club sont un \u00e9l\u00e9ment cl\u00e9 du saut \u00e0 ski au Canada et offrent aux athl\u00e8tes un acc\u00e8s r\u00e9gulier \u00e0 l\u2019entra\u00eenement, au coaching et \u00e0 [...]","protected":false},"author":7,"featured_media":0,"parent":0,"menu_order":0,"comment_status":"closed","ping_status":"closed","template":"","meta":{"footnotes":""},"class_list":["post-9232","page","type-page","status-publish"],"_links":{"self":[{"href":"https:\/\/skijumpingcanada.com\/fr\/wp-json\/wp\/v2\/page\/9232","targetHints":{"allow":["GET"]}}],"collection":[{"href":"https:\/\/skijumpingcanada.com\/fr\/wp-json\/wp\/v2\/page"}],"about":[{"href":"https:\/\/skijumpingcanada.com\/fr\/wp-json\/wp\/v2\/types\/page"}],"author":[{"embeddable":true,"href":"https:\/\/skijumpingcanada.com\/fr\/wp-json\/wp\/v2\/users\/7"}],"replies":[{"embeddable":true,"href":"https:\/\/skijumpingcanada.com\/fr\/wp-json\/wp\/v2\/comments?post=9232"}],"version-history":[{"count":2,"href":"https:\/\/skijumpingcanada.com\/fr\/wp-json\/wp\/v2\/page\/9232\/revisions"}],"predecessor-version":[{"id":9237,"href":"https:\/\/skijumpingcanada.com\/fr\/wp-json\/wp\/v2\/page\/9232\/revisions\/9237"}],"wp:attachment":[{"href":"https:\/\/skijumpingcanada.com\/fr\/wp-json\/wp\/v2\/media?parent=9232"}],"curies":[{"name":"wp","href":"https:\/\/api.w.org\/{rel}","templated":true}]}}